{"id":898,"date":"2026-03-18T10:18:50","date_gmt":"2026-03-18T15:18:50","guid":{"rendered":"https:\/\/vri.unsa.edu.pe\/gestion-informacion\/?page_id=898"},"modified":"2026-03-18T10:19:35","modified_gmt":"2026-03-18T15:19:35","slug":"capacitacion-en-el-uso-del-research-assistant-de-web-of-science","status":"publish","type":"page","link":"https:\/\/vri.unsa.edu.pe\/gestion-informacion\/capacitacion-en-el-uso-del-research-assistant-de-web-of-science\/","title":{"rendered":"Capacitaci\u00f3n en el Uso del Research Assistant de Web of Science"},"content":{"rendered":"<div id=\"dslc-main\">\r\n\t\t<div  class=\"dslc-modules-section \" style=\"padding-bottom:60px;padding-top:60px;\" data-section-id=\"1ad81f63e62\">\r\n\t\t\t\t\r\n\t\t\t\t\r\n\t\t\t\t<div class=\"dslc-modules-section-wrapper dslc-clearfix\"><div class=\"dslc-modules-area dslc-col dslc-8-col dslc-first-col dslc-valign- \" data-size=\"8\" data-valign=\"\">\r\n\t\t<div id=\"dslc-module-b6f91ad1390\" class=\"dslc-module-front dslc-module-DSLC_TP_Title dslc-in-viewport-check dslc-in-viewport-anim-none  dslc-col dslc-12-col dslc-last-col  dslc-module-handle-like-regular \" data-module-id=\"b6f91ad1390\" data-module=\"DSLC_TP_Title\" data-dslc-module-size=\"12\" data-dslc-anim=\"none\" data-dslc-anim-delay=\"\" data-dslc-anim-duration=\"650\"  data-dslc-anim-easing=\"ease\" data-dslc-preset=\"none\" >\r\n\r\n\t\t\t\r\n\t\t\t\r\n\t\t\r\n\t\t\t\t<div class=\"dslc-tp-title\"><h1>Capacitaci\u00f3n en el Uso del Research Assistant de Web of Science<\/h1><\/div>\r\n\r\n\t\t\t\r\n\t\t\t\t<\/div><!-- .dslc-module -->\r\n\t\t\r\n\t\t<div id=\"dslc-module-f0bad7bc21c\" class=\"dslc-module-front dslc-module-DSLC_Text_Simple dslc-in-viewport-check dslc-in-viewport-anim-none  dslc-col dslc-12-col dslc-last-col  dslc-module-handle-like-regular \" data-module-id=\"f0bad7bc21c\" data-module=\"DSLC_Text_Simple\" data-dslc-module-size=\"12\" data-dslc-anim=\"none\" data-dslc-anim-delay=\"\" data-dslc-anim-duration=\"650\"  data-dslc-anim-easing=\"ease\" data-dslc-preset=\"none\" >\r\n\r\n\t\t\t\r\n\t\t\t\r\n\t\t\r\n\t\t<div class=\"dslc-text-module-content\">\r\n\t\t\t<p>Este video presenta la capacitaci\u00f3n sobre el uso de la herramienta Research Assistant de Web of Science, abordando su acceso, principales caracter\u00edsticas, aplicaciones en investigaci\u00f3n y ejemplos pr\u00e1cticos de consulta.<\/p>\t\t<\/div>\r\n\r\n\t\t\r\n\t\t\t\t<\/div><!-- .dslc-module -->\r\n\t\t\r\n\t\t<div id=\"dslc-module-a2ac3e9172a\" class=\"dslc-module-front dslc-module-DSLC_Text_Simple dslc-in-viewport-check dslc-in-viewport-anim-none  dslc-col dslc-12-col dslc-last-col  dslc-module-handle-like-regular \" data-module-id=\"a2ac3e9172a\" data-module=\"DSLC_Text_Simple\" data-dslc-module-size=\"12\" data-dslc-anim=\"none\" data-dslc-anim-delay=\"\" data-dslc-anim-duration=\"650\"  data-dslc-anim-easing=\"ease\" data-dslc-preset=\"none\" >\r\n\r\n\t\t\t\r\n\t\t\t\r\n\t\t\r\n\t\t<div class=\"dslc-text-module-content\">\r\n\t\t\t<div class=\"unsa-visuals\"><section><h2><strong>Antes de empezar<\/strong><\/h2><hr><p>Para completar esta solicitud digital sin interrupciones, aseg\u00farate de cumplir con lo siguiente:<\/p><ul><li>Navegador web actualizado (Chrome, Edge, Firefox o similares).<\/li><li>Conexi\u00f3n a internet estable.<\/li><\/ul><\/section><\/div><p><style>\n    \/* Estilos M\u00cdNIMOS para componentes visuales<br \/>       (C\u00edrculos de pasos y Caja de Alerta)<br \/>    *\/<\/p>\n<p>    \/* Variables de color solo para los elementos visuales *\/<br \/>    .unsa-visuals {<br \/>        --primary-color: #002060; \/* Azul de los c\u00edrculos *\/<br \/>        --link-color: #0056ac;    \/* Azul del borde de alerta *\/<br \/>    }<\/p>\n<p>    \/* 1. ESTILO CAJA DE ALERTA (Como tu imagen) *\/<br \/>    .unsa-visuals .alert-box {<br \/>        background-color: #e8f4fd;<br \/>        border-left: 4px solid var(--link-color);<br \/>        padding: 15px;<br \/>        margin: 20px 0;<br \/>    }<\/p>\n<\/style><\/p>\t\t<\/div>\r\n\r\n\t\t\r\n\t\t\t\t<\/div><!-- .dslc-module -->\r\n\t\t\r\n\t\t<div id=\"dslc-module-1f1fc7b0942\" class=\"dslc-module-front dslc-module-DSLC_Text_Simple dslc-in-viewport-check dslc-in-viewport-anim-none  dslc-col dslc-12-col dslc-last-col  dslc-module-handle-like-regular \" data-module-id=\"1f1fc7b0942\" data-module=\"DSLC_Text_Simple\" data-dslc-module-size=\"12\" data-dslc-anim=\"none\" data-dslc-anim-delay=\"\" data-dslc-anim-duration=\"650\"  data-dslc-anim-easing=\"ease\" data-dslc-preset=\"none\" >\r\n\r\n\t\t\t\r\n\t\t\t\r\n\t\t\r\n\t\t<div class=\"dslc-text-module-content\">\r\n\t\t\t<h2><strong>Acceso al contenido<\/strong><\/h2>\n<hr>\t\t<\/div>\r\n\r\n\t\t\r\n\t\t\t\t<\/div><!-- .dslc-module -->\r\n\t\t\r\n\t\t<div id=\"dslc-module-39358b70c4a\" class=\"dslc-module-front dslc-module-DSLC_Html dslc-in-viewport-check dslc-in-viewport-anim-none  dslc-col dslc-12-col dslc-last-col  dslc-module-handle-like-regular \" data-module-id=\"39358b70c4a\" data-module=\"DSLC_Html\" data-dslc-module-size=\"12\" data-dslc-anim=\"none\" data-dslc-anim-delay=\"\" data-dslc-anim-duration=\"650\"  data-dslc-anim-easing=\"ease\" data-dslc-preset=\"none\" >\r\n\r\n\t\t\t\r\n\t\t\t\r\n\t\t<div class=\"dslc-html-module-content\"><iframe width=\"1840\" height=\"1035\" src=\"https:\/\/www.youtube.com\/embed\/n9ekAQAByUs\" title=\"Capacitaci\u00f3n Wos IA - UNSA\" frameborder=\"0\" allow=\"accelerometer; autoplay; clipboard-write; encrypted-media; gyroscope; picture-in-picture; web-share\" referrerpolicy=\"strict-origin-when-cross-origin\" allowfullscreen><\/iframe><\/div>\r\n\t\t\t\t<\/div><!-- .dslc-module -->\r\n\t\t<\/div><div class=\"dslc-modules-area dslc-col dslc-4-col dslc-last-col dslc-valign-undefined \" data-size=\"4\" data-valign=\"undefined\">\r\n\t\t<div id=\"dslc-module-8849e8a69c4\" class=\"dslc-module-front dslc-module-DSLC_Shortcode dslc-in-viewport-check dslc-in-viewport-anim-none  dslc-col dslc-12-col dslc-last-col  dslc-module-handle-like-regular \" data-module-id=\"8849e8a69c4\" data-module=\"DSLC_Shortcode\" data-dslc-module-size=\"12\" data-dslc-anim=\"none\" data-dslc-anim-delay=\"\" data-dslc-anim-duration=\"650\"  data-dslc-anim-easing=\"ease\" data-dslc-preset=\"none\" >\r\n\r\n\t\t\t\r\n\t\t\t\r\n\t\t\t\t<div class=\"dslc-module-shortcode\">\r\n\t\t\t        \r\n        <div class=\"feedback-card\" data-key=\"post-898\" data-post-id=\"898\">\r\n      <p class=\"feedback-title\">\u00bfTe sirvi\u00f3 el contenido?<\/p>\r\n\r\n      <div class=\"fw-thank-you-msg\" style=\"display:none;\">\r\n          \u00a1Gracias por tu feedback!\r\n      <\/div>\r\n\r\n      <div class=\"feedback-top\">\r\n        <div class=\"feedback-vote\">\r\n          <button class=\"circle-btn like\" data-action=\"like\">\r\n            <i class=\"fa fa-thumbs-up\" aria-hidden=\"true\"><\/i>\r\n          <\/button>\r\n          <span class=\"vote-count like-count\">7<\/span>\r\n        <\/div>\r\n        <div class=\"feedback-vote\">\r\n          <button class=\"circle-btn dislike\" data-action=\"dislike\">\r\n            <i class=\"fa fa-thumbs-down\" aria-hidden=\"true\"><\/i>\r\n          <\/button>\r\n          <span class=\"vote-count dislike-count\">1<\/span>\r\n        <\/div>\r\n      <\/div>\r\n\r\n      <hr>\r\n\r\n      <div class=\"feedback-bottom\">\r\n        <button class=\"icon-btn\" data-action=\"print\">\r\n          <i class=\"fa fa-print\" aria-hidden=\"true\"><\/i>\r\n          <span>Imprimir<\/span>\r\n        <\/button>\r\n        <button class=\"icon-btn\" data-action=\"share\">\r\n          <i class=\"fa fa-share-alt\" aria-hidden=\"true\"><\/i>\r\n          <span>Compartir<\/span>\r\n        <\/button>\r\n        <button class=\"icon-btn\" data-action=\"save\">\r\n          <i class=\"fa fa-bookmark\" aria-hidden=\"true\"><\/i>\r\n          <span>Guardar<\/span>\r\n        <\/button>\r\n      <\/div>\r\n\r\n      <!-- FORMULARIO QUE SALE AL HACER DISLIKE -->\r\n      <div class=\"feedback-form\" style=\"display:none; margin-top:20px; text-align:left;\">\r\n        <p><strong>Todos los campos son obligatorios.<\/strong><\/p>\r\n        <p><strong>*Selecciona una de estas opciones:<\/strong><\/p>\r\n\r\n        <label class=\"fw-option\">\r\n          <input type=\"radio\" name=\"fw_motivo_898\" value=\"Algo aqu\u00ed no funciona\">\r\n          <span>Algo aqu\u00ed no funciona<\/span>\r\n        <\/label>\r\n        <label class=\"fw-option\">\r\n          <input type=\"radio\" name=\"fw_motivo_898\" value=\"Falta informaci\u00f3n\">\r\n          <span>Falta informaci\u00f3n<\/span>\r\n        <\/label>\r\n        <label class=\"fw-option\">\r\n          <input type=\"radio\" name=\"fw_motivo_898\" value=\"Hay informaci\u00f3n incorrecta\">\r\n          <span>Hay informaci\u00f3n incorrecta<\/span>\r\n        <\/label>\r\n        <label class=\"fw-option\">\r\n          <input type=\"radio\" name=\"fw_motivo_898\" value=\"No es f\u00e1cil de entender\">\r\n          <span>No es f\u00e1cil de entender<\/span>\r\n        <\/label>\r\n        <label class=\"fw-option\">\r\n          <input type=\"radio\" name=\"fw_motivo_898\" value=\"Otra raz\u00f3n\">\r\n          <span>Otra raz\u00f3n<\/span>\r\n        <\/label>\r\n\r\n        <p style=\"margin-top:10px;\"><strong>*Ind\u00edcanos por qu\u00e9<\/strong><\/p>\r\n        <textarea name=\"fw_detalle_898\" rows=\"3\" style=\"width:100%;\"><\/textarea>\r\n\r\n\r\n        <button type=\"button\" class=\"fw-send-btn\">\r\n          Enviar\r\n        <\/button>\r\n\r\n        <p class=\"fw-msg\" style=\"margin-top:10px; font-size:13px;\"><\/p>\r\n      <\/div>\r\n\r\n    <\/div>\r\n\r\n    \t\t<\/div>\r\n\t\t\r\n\t\t\t\t<\/div><!-- .dslc-module -->\r\n\t\t<\/div><\/div><\/div><\/div>","protected":false},"excerpt":{"rendered":"<p>Capacitaci\u00f3n en el Uso del Research Assistant de Web of Science Este video presenta la capacitaci\u00f3n sobre el uso de la herramienta Research Assistant de Web of Science, abordando su acceso, principales caracter\u00edsticas, aplicaciones en investigaci\u00f3n y ejemplos pr\u00e1cticos de consulta. Antes de empezarPara completar esta solicitud digital sin interrupciones, aseg\u00farate de cumplir con lo [&hellip;]<\/p>\n","protected":false},"author":2,"featured_media":0,"parent":0,"menu_order":0,"comment_status":"closed","ping_status":"closed","template":"","meta":{"_links_to":"","_links_to_target":""},"categories":[],"tags":[],"wps_subtitle":"","rttpg_featured_image_url":null,"rttpg_author":{"display_name":"investigacion","author_link":"https:\/\/vri.unsa.edu.pe\/gestion-informacion\/author\/investigacion\/"},"rttpg_comment":0,"rttpg_category":false,"rttpg_excerpt":"Capacitaci\u00f3n en el Uso del Research Assistant de Web of Science Este video presenta la capacitaci\u00f3n sobre el uso de la herramienta Research Assistant de Web of Science, abordando su acceso, principales caracter\u00edsticas, aplicaciones en investigaci\u00f3n y ejemplos pr\u00e1cticos de consulta. Antes de empezarPara completar esta solicitud digital sin interrupciones, aseg\u00farate de cumplir con lo&hellip;","_links":{"self":[{"href":"https:\/\/vri.unsa.edu.pe\/gestion-informacion\/wp-json\/wp\/v2\/pages\/898"}],"collection":[{"href":"https:\/\/vri.unsa.edu.pe\/gestion-informacion\/wp-json\/wp\/v2\/pages"}],"about":[{"href":"https:\/\/vri.unsa.edu.pe\/gestion-informacion\/wp-json\/wp\/v2\/types\/page"}],"author":[{"embeddable":true,"href":"https:\/\/vri.unsa.edu.pe\/gestion-informacion\/wp-json\/wp\/v2\/users\/2"}],"replies":[{"embeddable":true,"href":"https:\/\/vri.unsa.edu.pe\/gestion-informacion\/wp-json\/wp\/v2\/comments?post=898"}],"version-history":[{"count":2,"href":"https:\/\/vri.unsa.edu.pe\/gestion-informacion\/wp-json\/wp\/v2\/pages\/898\/revisions"}],"predecessor-version":[{"id":900,"href":"https:\/\/vri.unsa.edu.pe\/gestion-informacion\/wp-json\/wp\/v2\/pages\/898\/revisions\/900"}],"wp:attachment":[{"href":"https:\/\/vri.unsa.edu.pe\/gestion-informacion\/wp-json\/wp\/v2\/media?parent=898"}],"wp:term":[{"taxonomy":"category","embeddable":true,"href":"https:\/\/vri.unsa.edu.pe\/gestion-informacion\/wp-json\/wp\/v2\/categories?post=898"},{"taxonomy":"post_tag","embeddable":true,"href":"https:\/\/vri.unsa.edu.pe\/gestion-informacion\/wp-json\/wp\/v2\/tags?post=898"}],"curies":[{"name":"wp","href":"https:\/\/api.w.org\/{rel}","templated":true}]}}