{"id":873,"date":"2026-01-22T23:51:31","date_gmt":"2026-01-23T04:51:31","guid":{"rendered":"https:\/\/vri.unsa.edu.pe\/gestion-informacion\/?page_id=873"},"modified":"2026-01-23T00:22:09","modified_gmt":"2026-01-23T05:22:09","slug":"como-crearse-una-cuenta-orcid","status":"publish","type":"page","link":"https:\/\/vri.unsa.edu.pe\/gestion-informacion\/como-crearse-una-cuenta-orcid\/","title":{"rendered":"\u00bfC\u00f3mo crearse una cuenta ORCID?"},"content":{"rendered":"<div id=\"dslc-main\">\r\n\t\t<div  class=\"dslc-modules-section \" style=\"padding-bottom:60px;padding-top:60px;\" data-section-id=\"4fe43096f45\">\r\n\t\t\t\t\r\n\t\t\t\t\r\n\t\t\t\t<div class=\"dslc-modules-section-wrapper dslc-clearfix\"><div class=\"dslc-modules-area dslc-col dslc-8-col dslc-first-col dslc-valign- \" data-size=\"8\" data-valign=\"\">\r\n\t\t<div id=\"dslc-module-61c78104e22\" class=\"dslc-module-front dslc-module-DSLC_TP_Title dslc-in-viewport-check dslc-in-viewport-anim-none  dslc-col dslc-12-col dslc-last-col  dslc-module-handle-like-regular \" data-module-id=\"61c78104e22\" data-module=\"DSLC_TP_Title\" data-dslc-module-size=\"12\" data-dslc-anim=\"none\" data-dslc-anim-delay=\"\" data-dslc-anim-duration=\"650\"  data-dslc-anim-easing=\"ease\" data-dslc-preset=\"none\" >\r\n\r\n\t\t\t\r\n\t\t\t\r\n\t\t\r\n\t\t\t\t<div class=\"dslc-tp-title\"><h1>\u00bfC\u00f3mo crearse una cuenta ORCID?<\/h1><\/div>\r\n\r\n\t\t\t\r\n\t\t\t\t<\/div><!-- .dslc-module -->\r\n\t\t\r\n\t\t<div id=\"dslc-module-6228095aca8\" class=\"dslc-module-front dslc-module-DSLC_Text_Simple dslc-in-viewport-check dslc-in-viewport-anim-none  dslc-col dslc-12-col dslc-last-col  dslc-module-handle-like-regular \" data-module-id=\"6228095aca8\" data-module=\"DSLC_Text_Simple\" data-dslc-module-size=\"12\" data-dslc-anim=\"none\" data-dslc-anim-delay=\"\" data-dslc-anim-duration=\"650\"  data-dslc-anim-easing=\"ease\" data-dslc-preset=\"none\" >\r\n\r\n\t\t\t\r\n\t\t\t\r\n\t\t\r\n\t\t<div class=\"dslc-text-module-content\">\r\n\t\t\tEl instructivo detalla la creaci\u00f3n de la cuenta ORCID, requisito indispensable para el Repositorio UNSA. Cubre el registro con correo institucional, la configuraci\u00f3n de afiliaci\u00f3n y visibilidad p\u00fablica, concluyendo con la verificaci\u00f3n obligatoria por correo para activar el ID.\t\t<\/div>\r\n\r\n\t\t\r\n\t\t\t\t<\/div><!-- .dslc-module -->\r\n\t\t\r\n\t\t<div id=\"dslc-module-c1353bfe814\" class=\"dslc-module-front dslc-module-DSLC_Text_Simple dslc-in-viewport-check dslc-in-viewport-anim-none  dslc-col dslc-12-col dslc-last-col  dslc-module-handle-like-regular \" data-module-id=\"c1353bfe814\" data-module=\"DSLC_Text_Simple\" data-dslc-module-size=\"12\" data-dslc-anim=\"none\" data-dslc-anim-delay=\"\" data-dslc-anim-duration=\"650\"  data-dslc-anim-easing=\"ease\" data-dslc-preset=\"none\" >\r\n\r\n\t\t\t\r\n\t\t\t\r\n\t\t\r\n\t\t<div class=\"dslc-text-module-content\">\r\n\t\t\t<div class=\"unsa-visuals\"><section><h2><strong>Antes de empezar<\/strong><\/h2><hr><p>Para completar esta solicitud digital sin interrupciones, aseg\u00farate de cumplir con lo siguiente:<\/p><ul><li>Navegador web actualizado (Chrome, Edge, Firefox o similares).<\/li><li>Conexi\u00f3n a internet estable.<\/li><li>Visor de PDF habilitado.<\/li><\/ul><\/section><\/div><p><style>\n    \/* Estilos M\u00cdNIMOS para componentes visuales<br \/>       (C\u00edrculos de pasos y Caja de Alerta)<br \/>    *\/<\/p>\n<p>    \/* Variables de color solo para los elementos visuales *\/<br \/>    .unsa-visuals {<br \/>        --primary-color: #002060; \/* Azul de los c\u00edrculos *\/<br \/>        --link-color: #0056ac;    \/* Azul del borde de alerta *\/<br \/>    }<\/p>\n<p>    \/* 1. ESTILO CAJA DE ALERTA (Como tu imagen) *\/<br \/>    .unsa-visuals .alert-box {<br \/>        background-color: #e8f4fd;<br \/>        border-left: 4px solid var(--link-color);<br \/>        padding: 15px;<br \/>        margin: 20px 0;<br \/>    }<\/p>\n<\/style><\/p>\t\t<\/div>\r\n\r\n\t\t\r\n\t\t\t\t<\/div><!-- .dslc-module -->\r\n\t\t\r\n\t\t<div id=\"dslc-module-25a420496ff\" class=\"dslc-module-front dslc-module-DSLC_Text_Simple dslc-in-viewport-check dslc-in-viewport-anim-none  dslc-col dslc-12-col dslc-last-col  dslc-module-handle-like-regular \" data-module-id=\"25a420496ff\" data-module=\"DSLC_Text_Simple\" data-dslc-module-size=\"12\" data-dslc-anim=\"none\" data-dslc-anim-delay=\"\" data-dslc-anim-duration=\"650\"  data-dslc-anim-easing=\"ease\" data-dslc-preset=\"none\" >\r\n\r\n\t\t\t\r\n\t\t\t\r\n\t\t\r\n\t\t<div class=\"dslc-text-module-content\">\r\n\t\t\t<h2><strong>Acceso al contenido<\/strong><\/h2>\n<hr>\t\t<\/div>\r\n\r\n\t\t\r\n\t\t\t\t<\/div><!-- .dslc-module -->\r\n\t\t\r\n\t\t<div id=\"dslc-module-693e2bfce17\" class=\"dslc-module-front dslc-module-DSLC_Html dslc-in-viewport-check dslc-in-viewport-anim-none  dslc-col dslc-12-col dslc-last-col  dslc-module-handle-like-regular \" data-module-id=\"693e2bfce17\" data-module=\"DSLC_Html\" data-dslc-module-size=\"12\" data-dslc-anim=\"none\" data-dslc-anim-delay=\"\" data-dslc-anim-duration=\"650\"  data-dslc-anim-easing=\"ease\" data-dslc-preset=\"none\" >\r\n\r\n\t\t\t\r\n\t\t\t\r\n\t\t<div class=\"dslc-html-module-content\"><iframe src=\"https:\/\/docs.google.com\/viewer?url=http:\/\/vri.unsa.edu.pe\/gestion-informacion\/wp-content\/uploads\/sites\/14\/2026\/01\/Como-crear-una-cuenta-en-ORCID.pdf&embedded=true\" width=\"100%\" height=\"1100px\" style=\"border:none;\"><\/iframe><\/div>\r\n\t\t\t\t<\/div><!-- .dslc-module -->\r\n\t\t\r\n\t\t<div id=\"dslc-module-3e818b97053\" class=\"dslc-module-front dslc-module-DSLC_Downloads dslc-in-viewport-check dslc-in-viewport-anim-none  dslc-col dslc-12-col dslc-last-col  dslc-module-handle-like-regular \" data-module-id=\"3e818b97053\" data-module=\"DSLC_Downloads\" data-dslc-module-size=\"12\" data-dslc-anim=\"none\" data-dslc-anim-delay=\"\" data-dslc-anim-duration=\"650\"  data-dslc-anim-easing=\"ease\" data-dslc-preset=\"none\" >\r\n\r\n\t\t\t\r\n\t\t\t\r\n\t\t\t\t<div class=\"dslc-posts dslc-downloads dslc-clearfix dslc-posts-orientation-horizontal dslc-init-grid \">\r\n\t\t\t\r\n\t\t\t\r\n\t\t<div class=\"dslc-posts-inner\">\r\n\t<div class=\"dslc-post dslc-download dslc-col dslc-4-col  dslc-first-col\" data-cats=\"\">\r\n\r\n\t\r\n\t\t\t\t\t\t\t\r\n\t\t\t\t\t\t\t\t<div class=\"dslc-post-main dslc-download-main\">\r\n\r\n\t\t\t\t\t\t\t\t\t\r\n\t\t\t\t\t\t\t\t\t\t<div class=\"dslc-download-title\">\r\n\t\t\t\t\t\t\t\t\t\t\t\t\t\t\t\t\t\t\t\t\t\t\t<h2><a href=\"https:\/\/vri.unsa.edu.pe\/gestion-informacion\/download-view\/como-crearse-una-cuenta-orcid\/\">\u00bfC\u00f3mo crearse una cuenta ORCID?<\/a><\/h2>\r\n\t\t\t\t\t\t\t\t\t\t\t\t\t\t\t\t\t\t\t\t\t<\/div><!-- .dslc-download-title -->\r\n\r\n\t\t\t\t\t\t\t\t\t\r\n\t\t\t\t\t\t\t\t\t\r\n\t\t\t\t\t\t\t\t\t\r\n\t\t\t\t\t\t\t\t\t\r\n\t\t\t\t\t\t\t\t\t\t<div class=\"dslc-download-download\">\r\n\t\t\t\t\t\t\t\t\t\t\t<a target=\"_blank\" class=\"dslc-download-count-hook\" data-post-id=\"854\" href=\"https:\/\/vri.unsa.edu.pe\/gestion-informacion\/wp-content\/uploads\/sites\/14\/2026\/01\/Como-crear-una-cuenta-en-ORCID.pdf\" download>\r\n\t\t\t\t\t\t\t\t\t\t\t\t\t\t\t\t\t\t\t\t\t\t\t\t\t<span class=\"dslc-icon dslc-icon-download-alt\"><\/span>\t\r\n\t\t\t\t\t\t\t\t\t\t\t\t\t\t\t\t\t\t\t\t\t\t\t\tDescargar\t\t\t\t\t\t\t\t\t\t\t<\/a>\r\n\t\t\t\t\t\t\t\t\t\t<\/div><!-- .dslc-download-download -->\r\n\r\n\t\t\t\t\t\t\t\t\t\r\n\t\t\t\t\t\t\t\t\t\r\n\t\t\t\t\t\t\t\t\t\t<div class=\"dslc-download-info\">\r\n\t\t\t\t\t\t\t\t\t\t\tDescargado 3 veces.\t\t\t\t\t\t\t\t\t\t<\/div><!-- .dslc-download-info -->\r\n\r\n\t\t\t\t\t\t\t\t\t\r\n\t\t\t\t\t\t\t\t<\/div><!-- .dslc-download-main -->\r\n\r\n\t\t\t\t\t\t\t\r\n\t\t\t\t\t\t<\/div><!-- .dslc-download -->\r\n\r\n\t\t\t\t\t\t<\/div><!-- .dslc-posts-inner -->\r\n\t\t\t\r\n\t\t\t\r\n\t<\/div>\r\n\t\r\n\t\t\t\t<\/div><!-- .dslc-module -->\r\n\t\t<\/div><div class=\"dslc-modules-area dslc-col dslc-4-col dslc-last-col dslc-valign-undefined \" data-size=\"4\" data-valign=\"undefined\">\r\n\t\t<div id=\"dslc-module-73f807cdba7\" class=\"dslc-module-front dslc-module-DSLC_Shortcode dslc-in-viewport-check dslc-in-viewport-anim-none  dslc-col dslc-12-col dslc-last-col  dslc-module-handle-like-regular \" data-module-id=\"73f807cdba7\" data-module=\"DSLC_Shortcode\" data-dslc-module-size=\"12\" data-dslc-anim=\"none\" data-dslc-anim-delay=\"\" data-dslc-anim-duration=\"650\"  data-dslc-anim-easing=\"ease\" data-dslc-preset=\"none\" >\r\n\r\n\t\t\t\r\n\t\t\t\r\n\t\t\t\t<div class=\"dslc-module-shortcode\">\r\n\t\t\t        \r\n        <div class=\"feedback-card\" data-key=\"post-854\" data-post-id=\"854\">\r\n      <p class=\"feedback-title\">\u00bfTe sirvi\u00f3 el contenido?<\/p>\r\n\r\n      <div class=\"fw-thank-you-msg\" style=\"display:none;\">\r\n          \u00a1Gracias por tu feedback!\r\n      <\/div>\r\n\r\n      <div class=\"feedback-top\">\r\n        <div class=\"feedback-vote\">\r\n          <button class=\"circle-btn like\" data-action=\"like\">\r\n            <i class=\"fa fa-thumbs-up\" aria-hidden=\"true\"><\/i>\r\n          <\/button>\r\n          <span class=\"vote-count like-count\">0<\/span>\r\n        <\/div>\r\n        <div class=\"feedback-vote\">\r\n          <button class=\"circle-btn dislike\" data-action=\"dislike\">\r\n            <i class=\"fa fa-thumbs-down\" aria-hidden=\"true\"><\/i>\r\n          <\/button>\r\n          <span class=\"vote-count dislike-count\">0<\/span>\r\n        <\/div>\r\n      <\/div>\r\n\r\n      <hr>\r\n\r\n      <div class=\"feedback-bottom\">\r\n        <button class=\"icon-btn\" data-action=\"print\">\r\n          <i class=\"fa fa-print\" aria-hidden=\"true\"><\/i>\r\n          <span>Imprimir<\/span>\r\n        <\/button>\r\n        <button class=\"icon-btn\" data-action=\"share\">\r\n          <i class=\"fa fa-share-alt\" aria-hidden=\"true\"><\/i>\r\n          <span>Compartir<\/span>\r\n        <\/button>\r\n        <button class=\"icon-btn\" data-action=\"save\">\r\n          <i class=\"fa fa-bookmark\" aria-hidden=\"true\"><\/i>\r\n          <span>Guardar<\/span>\r\n        <\/button>\r\n      <\/div>\r\n\r\n      <!-- FORMULARIO QUE SALE AL HACER DISLIKE -->\r\n      <div class=\"feedback-form\" style=\"display:none; margin-top:20px; text-align:left;\">\r\n        <p><strong>Todos los campos son obligatorios.<\/strong><\/p>\r\n        <p><strong>*Selecciona una de estas opciones:<\/strong><\/p>\r\n\r\n        <label class=\"fw-option\">\r\n          <input type=\"radio\" name=\"fw_motivo_854\" value=\"Algo aqu\u00ed no funciona\">\r\n          <span>Algo aqu\u00ed no funciona<\/span>\r\n        <\/label>\r\n        <label class=\"fw-option\">\r\n          <input type=\"radio\" name=\"fw_motivo_854\" value=\"Falta informaci\u00f3n\">\r\n          <span>Falta informaci\u00f3n<\/span>\r\n        <\/label>\r\n        <label class=\"fw-option\">\r\n          <input type=\"radio\" name=\"fw_motivo_854\" value=\"Hay informaci\u00f3n incorrecta\">\r\n          <span>Hay informaci\u00f3n incorrecta<\/span>\r\n        <\/label>\r\n        <label class=\"fw-option\">\r\n          <input type=\"radio\" name=\"fw_motivo_854\" value=\"No es f\u00e1cil de entender\">\r\n          <span>No es f\u00e1cil de entender<\/span>\r\n        <\/label>\r\n        <label class=\"fw-option\">\r\n          <input type=\"radio\" name=\"fw_motivo_854\" value=\"Otra raz\u00f3n\">\r\n          <span>Otra raz\u00f3n<\/span>\r\n        <\/label>\r\n\r\n        <p style=\"margin-top:10px;\"><strong>*Ind\u00edcanos por qu\u00e9<\/strong><\/p>\r\n        <textarea name=\"fw_detalle_854\" rows=\"3\" style=\"width:100%;\"><\/textarea>\r\n\r\n\r\n        <button type=\"button\" class=\"fw-send-btn\">\r\n          Enviar\r\n        <\/button>\r\n\r\n        <p class=\"fw-msg\" style=\"margin-top:10px; font-size:13px;\"><\/p>\r\n      <\/div>\r\n\r\n    <\/div>\r\n\r\n    \t\t<\/div>\r\n\t\t\r\n\t\t\t\t<\/div><!-- .dslc-module -->\r\n\t\t<\/div><\/div><\/div><\/div><input type=\"hidden\" id=\"dslca-post-data-thumb\" value=\"https:\/\/vri.unsa.edu.pe\/gestion-informacion\/wp-content\/uploads\/sites\/14\/2026\/01\/Como-crear-una-cuenta-en-ORCID.jpg\" \/>","protected":false},"excerpt":{"rendered":"<p>\u00bfC\u00f3mo crearse una cuenta ORCID? Descargar Este instructivo detalla los pasos para crear una cuenta en ORCID, un requisito indispensable para la publicaci\u00f3n de trabajos de investigaci\u00f3n en el Repositorio Institucional de la UNSA. El documento gu\u00eda al usuario desde el registro en el portal oficial usando el correo institucional , la configuraci\u00f3n de una [&hellip;]<\/p>\n","protected":false},"author":39,"featured_media":856,"parent":0,"menu_order":0,"comment_status":"closed","ping_status":"closed","template":"","meta":{"_links_to":"","_links_to_target":""},"categories":[],"tags":[],"wps_subtitle":"","rttpg_featured_image_url":{"full":["https:\/\/vri.unsa.edu.pe\/gestion-informacion\/wp-content\/uploads\/sites\/14\/2026\/01\/Como-crear-una-cuenta-en-ORCID.jpg",680,878,false],"landscape":["https:\/\/vri.unsa.edu.pe\/gestion-informacion\/wp-content\/uploads\/sites\/14\/2026\/01\/Como-crear-una-cuenta-en-ORCID.jpg",680,878,false],"portraits":["https:\/\/vri.unsa.edu.pe\/gestion-informacion\/wp-content\/uploads\/sites\/14\/2026\/01\/Como-crear-una-cuenta-en-ORCID.jpg",680,878,false],"thumbnail":["https:\/\/vri.unsa.edu.pe\/gestion-informacion\/wp-content\/uploads\/sites\/14\/2026\/01\/Como-crear-una-cuenta-en-ORCID-150x150.jpg",150,150,true],"medium":["https:\/\/vri.unsa.edu.pe\/gestion-informacion\/wp-content\/uploads\/sites\/14\/2026\/01\/Como-crear-una-cuenta-en-ORCID-232x300.jpg",232,300,true],"large":["https:\/\/vri.unsa.edu.pe\/gestion-informacion\/wp-content\/uploads\/sites\/14\/2026\/01\/Como-crear-una-cuenta-en-ORCID.jpg",680,878,false],"gs-square-thumb":["https:\/\/vri.unsa.edu.pe\/gestion-informacion\/wp-content\/uploads\/sites\/14\/2026\/01\/Como-crear-una-cuenta-en-ORCID-420x420.jpg",420,420,true],"400x600":["https:\/\/vri.unsa.edu.pe\/gestion-informacion\/wp-content\/uploads\/sites\/14\/2026\/01\/Como-crear-una-cuenta-en-ORCID-400x600.jpg",400,600,true],"250x375":["https:\/\/vri.unsa.edu.pe\/gestion-informacion\/wp-content\/uploads\/sites\/14\/2026\/01\/Como-crear-una-cuenta-en-ORCID-250x375.jpg",250,375,true],"1536x1536":["https:\/\/vri.unsa.edu.pe\/gestion-informacion\/wp-content\/uploads\/sites\/14\/2026\/01\/Como-crear-una-cuenta-en-ORCID.jpg",680,878,false],"2048x2048":["https:\/\/vri.unsa.edu.pe\/gestion-informacion\/wp-content\/uploads\/sites\/14\/2026\/01\/Como-crear-una-cuenta-en-ORCID.jpg",680,878,false],"woocommerce_thumbnail":["https:\/\/vri.unsa.edu.pe\/gestion-informacion\/wp-content\/uploads\/sites\/14\/2026\/01\/Como-crear-una-cuenta-en-ORCID-300x300.jpg",300,300,true],"woocommerce_single":["https:\/\/vri.unsa.edu.pe\/gestion-informacion\/wp-content\/uploads\/sites\/14\/2026\/01\/Como-crear-una-cuenta-en-ORCID-600x775.jpg",600,775,true],"woocommerce_gallery_thumbnail":["https:\/\/vri.unsa.edu.pe\/gestion-informacion\/wp-content\/uploads\/sites\/14\/2026\/01\/Como-crear-una-cuenta-en-ORCID-100x100.jpg",100,100,true]},"rttpg_author":{"display_name":"lucia","author_link":"https:\/\/vri.unsa.edu.pe\/gestion-informacion\/author\/lucia\/"},"rttpg_comment":0,"rttpg_category":false,"rttpg_excerpt":"\u00bfC\u00f3mo crearse una cuenta ORCID? Descargar Este instructivo detalla los pasos para crear una cuenta en ORCID, un requisito indispensable para la publicaci\u00f3n de trabajos de investigaci\u00f3n en el Repositorio Institucional de la UNSA. El documento gu\u00eda al usuario desde el registro en el portal oficial usando el correo institucional , la configuraci\u00f3n de una&hellip;","_links":{"self":[{"href":"https:\/\/vri.unsa.edu.pe\/gestion-informacion\/wp-json\/wp\/v2\/pages\/873"}],"collection":[{"href":"https:\/\/vri.unsa.edu.pe\/gestion-informacion\/wp-json\/wp\/v2\/pages"}],"about":[{"href":"https:\/\/vri.unsa.edu.pe\/gestion-informacion\/wp-json\/wp\/v2\/types\/page"}],"author":[{"embeddable":true,"href":"https:\/\/vri.unsa.edu.pe\/gestion-informacion\/wp-json\/wp\/v2\/users\/39"}],"replies":[{"embeddable":true,"href":"https:\/\/vri.unsa.edu.pe\/gestion-informacion\/wp-json\/wp\/v2\/comments?post=873"}],"version-history":[{"count":1,"href":"https:\/\/vri.unsa.edu.pe\/gestion-informacion\/wp-json\/wp\/v2\/pages\/873\/revisions"}],"predecessor-version":[{"id":874,"href":"https:\/\/vri.unsa.edu.pe\/gestion-informacion\/wp-json\/wp\/v2\/pages\/873\/revisions\/874"}],"wp:featuredmedia":[{"embeddable":true,"href":"https:\/\/vri.unsa.edu.pe\/gestion-informacion\/wp-json\/wp\/v2\/media\/856"}],"wp:attachment":[{"href":"https:\/\/vri.unsa.edu.pe\/gestion-informacion\/wp-json\/wp\/v2\/media?parent=873"}],"wp:term":[{"taxonomy":"category","embeddable":true,"href":"https:\/\/vri.unsa.edu.pe\/gestion-informacion\/wp-json\/wp\/v2\/categories?post=873"},{"taxonomy":"post_tag","embeddable":true,"href":"https:\/\/vri.unsa.edu.pe\/gestion-informacion\/wp-json\/wp\/v2\/tags?post=873"}],"curies":[{"name":"wp","href":"https:\/\/api.w.org\/{rel}","templated":true}]}}