{"id":745,"date":"2025-12-30T18:58:38","date_gmt":"2025-12-30T13:58:38","guid":{"rendered":"https:\/\/vri.unsa.edu.pe\/gestion-informacion\/?page_id=745"},"modified":"2025-12-30T18:58:38","modified_gmt":"2025-12-30T13:58:38","slug":"guia-de-registro-sciencedirect","status":"publish","type":"page","link":"https:\/\/vri.unsa.edu.pe\/gestion-informacion\/guia-de-registro-sciencedirect\/","title":{"rendered":"Gu\u00eda de Registro ScienceDirect"},"content":{"rendered":"<div id=\"dslc-main\">\r\n\t\t<div  class=\"dslc-modules-section \" style=\"padding-bottom:60px;padding-top:60px;\" data-section-id=\"8041a3ec0d1\">\r\n\t\t\t\t\r\n\t\t\t\t\r\n\t\t\t\t<div class=\"dslc-modules-section-wrapper dslc-clearfix\"><div class=\"dslc-modules-area dslc-col dslc-8-col dslc-first-col dslc-valign- \" data-size=\"8\" data-valign=\"\">\r\n\t\t<div id=\"dslc-module-e8fd90ea749\" class=\"dslc-module-front dslc-module-DSLC_TP_Title dslc-in-viewport-check dslc-in-viewport-anim-none  dslc-col dslc-12-col dslc-last-col  dslc-module-handle-like-regular \" data-module-id=\"e8fd90ea749\" data-module=\"DSLC_TP_Title\" data-dslc-module-size=\"12\" data-dslc-anim=\"none\" data-dslc-anim-delay=\"\" data-dslc-anim-duration=\"650\"  data-dslc-anim-easing=\"ease\" data-dslc-preset=\"none\" >\r\n\r\n\t\t\t\r\n\t\t\t\r\n\t\t\r\n\t\t\t\t<div class=\"dslc-tp-title\"><h1>Gu\u00eda de Registro ScienceDirect<\/h1><\/div>\r\n\r\n\t\t\t\r\n\t\t\t\t<\/div><!-- .dslc-module -->\r\n\t\t\r\n\t\t<div id=\"dslc-module-2a9e4acaf17\" class=\"dslc-module-front dslc-module-DSLC_Text_Simple dslc-in-viewport-check dslc-in-viewport-anim-none  dslc-col dslc-12-col dslc-last-col  dslc-module-handle-like-regular \" data-module-id=\"2a9e4acaf17\" data-module=\"DSLC_Text_Simple\" data-dslc-module-size=\"12\" data-dslc-anim=\"none\" data-dslc-anim-delay=\"\" data-dslc-anim-duration=\"650\"  data-dslc-anim-easing=\"ease\" data-dslc-preset=\"none\" >\r\n\r\n\t\t\t\r\n\t\t\t\r\n\t\t\r\n\t\t<div class=\"dslc-text-module-content\">\r\n\t\t\t<p><span data-path-to-node=\"1,2\"><span class=\"citation-166\">Este documento presenta la Gu\u00eda de Registro de Elsevier Science Direct <\/span><\/span><span data-path-to-node=\"1,5\"><span class=\"citation-165\">, detallando el procedimiento para crear una cuenta nueva o identificar si ya posees una vinculada a tu correo<\/span><\/span><span data-path-to-node=\"1,7\">. <\/span><span data-path-to-node=\"1,9\"><span class=\"citation-164\">Encontrar\u00e1s las instrucciones necesarias para iniciar el proceso mediante la verificaci\u00f3n de tu correo electr\u00f3nico <\/span><\/span><span data-path-to-node=\"1,12\"><span class=\"citation-163\">, establecer una contrase\u00f1a segura que cumpla con los requisitos de caracteres espec\u00edficos <\/span><\/span><span data-path-to-node=\"1,15\"><span class=\"citation-162\">y gestionar tus preferencias de inicio de sesi\u00f3n y notificaciones de productos.<\/span><\/span><\/p>\t\t<\/div>\r\n\r\n\t\t\r\n\t\t\t\t<\/div><!-- .dslc-module -->\r\n\t\t\r\n\t\t<div id=\"dslc-module-8df454b33cd\" class=\"dslc-module-front dslc-module-DSLC_Text_Simple dslc-in-viewport-check dslc-in-viewport-anim-none  dslc-col dslc-12-col dslc-last-col  dslc-module-handle-like-regular \" data-module-id=\"8df454b33cd\" data-module=\"DSLC_Text_Simple\" data-dslc-module-size=\"12\" data-dslc-anim=\"none\" data-dslc-anim-delay=\"\" data-dslc-anim-duration=\"650\"  data-dslc-anim-easing=\"ease\" data-dslc-preset=\"none\" >\r\n\r\n\t\t\t\r\n\t\t\t\r\n\t\t\r\n\t\t<div class=\"dslc-text-module-content\">\r\n\t\t\t<div class=\"unsa-visuals\"><section><h2><strong>Antes de empezar<\/strong><\/h2><hr><p>Para completar esta solicitud digital sin interrupciones, aseg\u00farate de cumplir con lo siguiente:<\/p><ul><li>Navegador web actualizado (Chrome, Edge, Firefox o similares).<\/li><li>Conexi\u00f3n a internet estable.<\/li><li>Visor de PDF habilitado.<\/li><\/ul><\/section><\/div><p><style>\n    \/* Estilos M\u00cdNIMOS para componentes visuales<br \/>       (C\u00edrculos de pasos y Caja de Alerta)<br \/>    *\/<\/p>\n<p>    \/* Variables de color solo para los elementos visuales *\/<br \/>    .unsa-visuals {<br \/>        --primary-color: #002060; \/* Azul de los c\u00edrculos *\/<br \/>        --link-color: #0056ac;    \/* Azul del borde de alerta *\/<br \/>    }<\/p>\n<p>    \/* 1. ESTILO CAJA DE ALERTA (Como tu imagen) *\/<br \/>    .unsa-visuals .alert-box {<br \/>        background-color: #e8f4fd;<br \/>        border-left: 4px solid var(--link-color);<br \/>        padding: 15px;<br \/>        margin: 20px 0;<br \/>    }<\/p>\n<\/style><\/p>\t\t<\/div>\r\n\r\n\t\t\r\n\t\t\t\t<\/div><!-- .dslc-module -->\r\n\t\t\r\n\t\t<div id=\"dslc-module-cf3e4082486\" class=\"dslc-module-front dslc-module-DSLC_Text_Simple dslc-in-viewport-check dslc-in-viewport-anim-none  dslc-col dslc-12-col dslc-last-col  dslc-module-handle-like-regular \" data-module-id=\"cf3e4082486\" data-module=\"DSLC_Text_Simple\" data-dslc-module-size=\"12\" data-dslc-anim=\"none\" data-dslc-anim-delay=\"\" data-dslc-anim-duration=\"650\"  data-dslc-anim-easing=\"ease\" data-dslc-preset=\"none\" >\r\n\r\n\t\t\t\r\n\t\t\t\r\n\t\t\r\n\t\t<div class=\"dslc-text-module-content\">\r\n\t\t\t<h2><strong>Acceso al contenido<\/strong><\/h2>\n<hr>\t\t<\/div>\r\n\r\n\t\t\r\n\t\t\t\t<\/div><!-- .dslc-module -->\r\n\t\t\r\n\t\t<div id=\"dslc-module-552e5948990\" class=\"dslc-module-front dslc-module-DSLC_Html dslc-in-viewport-check dslc-in-viewport-anim-none  dslc-col dslc-12-col dslc-last-col  dslc-module-handle-like-regular \" data-module-id=\"552e5948990\" data-module=\"DSLC_Html\" data-dslc-module-size=\"12\" data-dslc-anim=\"none\" data-dslc-anim-delay=\"\" data-dslc-anim-duration=\"650\"  data-dslc-anim-easing=\"ease\" data-dslc-preset=\"none\" >\r\n\r\n\t\t\t\r\n\t\t\t\r\n\t\t<div class=\"dslc-html-module-content\"><iframe src=\"https:\/\/docs.google.com\/viewer?url=http:\/\/vri.unsa.edu.pe\/gestion-informacion\/wp-content\/uploads\/sites\/14\/2025\/12\/guia-de-registro.pdf&embedded=true\" width=\"100%\" height=\"1100px\" style=\"border:none;\"><\/iframe><\/div>\r\n\t\t\t\t<\/div><!-- .dslc-module -->\r\n\t\t\r\n\t\t<div id=\"dslc-module-29e900cce7c\" class=\"dslc-module-front dslc-module-DSLC_Downloads dslc-in-viewport-check dslc-in-viewport-anim-none  dslc-col dslc-12-col dslc-last-col  dslc-module-handle-like-regular \" data-module-id=\"29e900cce7c\" data-module=\"DSLC_Downloads\" data-dslc-module-size=\"12\" data-dslc-anim=\"none\" data-dslc-anim-delay=\"\" data-dslc-anim-duration=\"650\"  data-dslc-anim-easing=\"ease\" data-dslc-preset=\"none\" >\r\n\r\n\t\t\t\r\n\t\t\t\r\n\t\t\t\t<div class=\"dslc-posts dslc-downloads dslc-clearfix dslc-posts-orientation-horizontal dslc-init-grid \">\r\n\t\t\t\r\n\t\t\t\r\n\t\t<div class=\"dslc-posts-inner\">\r\n\t<div class=\"dslc-post dslc-download dslc-col dslc-4-col  dslc-first-col\" data-cats=\"\">\r\n\r\n\t\r\n\t\t\t\t\t\t\t\r\n\t\t\t\t\t\t\t\t<div class=\"dslc-post-main dslc-download-main\">\r\n\r\n\t\t\t\t\t\t\t\t\t\r\n\t\t\t\t\t\t\t\t\t\t<div class=\"dslc-download-title\">\r\n\t\t\t\t\t\t\t\t\t\t\t\t\t\t\t\t\t\t\t\t\t\t\t<h2><a href=\"https:\/\/vri.unsa.edu.pe\/gestion-informacion\/download-view\/guia-de-registro-sciencedirect\/\">Guia de Registro ScienceDirect<\/a><\/h2>\r\n\t\t\t\t\t\t\t\t\t\t\t\t\t\t\t\t\t\t\t\t\t<\/div><!-- .dslc-download-title -->\r\n\r\n\t\t\t\t\t\t\t\t\t\r\n\t\t\t\t\t\t\t\t\t\r\n\t\t\t\t\t\t\t\t\t\r\n\t\t\t\t\t\t\t\t\t\r\n\t\t\t\t\t\t\t\t\t\t<div class=\"dslc-download-download\">\r\n\t\t\t\t\t\t\t\t\t\t\t<a target=\"_blank\" class=\"dslc-download-count-hook\" data-post-id=\"765\" href=\"https:\/\/vri.unsa.edu.pe\/gestion-informacion\/wp-content\/uploads\/sites\/14\/2025\/12\/guia-de-registro.pdf\" download>\r\n\t\t\t\t\t\t\t\t\t\t\t\t\t\t\t\t\t\t\t\t\t\t\t\t\t<span class=\"dslc-icon dslc-icon-download-alt\"><\/span>\t\r\n\t\t\t\t\t\t\t\t\t\t\t\t\t\t\t\t\t\t\t\t\t\t\t\tDescargar\t\t\t\t\t\t\t\t\t\t\t<\/a>\r\n\t\t\t\t\t\t\t\t\t\t<\/div><!-- .dslc-download-download -->\r\n\r\n\t\t\t\t\t\t\t\t\t\r\n\t\t\t\t\t\t\t\t\t\r\n\t\t\t\t\t\t\t\t\t\t<div class=\"dslc-download-info\">\r\n\t\t\t\t\t\t\t\t\t\t\tDescargado 5 veces.\t\t\t\t\t\t\t\t\t\t<\/div><!-- .dslc-download-info -->\r\n\r\n\t\t\t\t\t\t\t\t\t\r\n\t\t\t\t\t\t\t\t<\/div><!-- .dslc-download-main -->\r\n\r\n\t\t\t\t\t\t\t\r\n\t\t\t\t\t\t<\/div><!-- .dslc-download -->\r\n\r\n\t\t\t\t\t\t<\/div><!-- .dslc-posts-inner -->\r\n\t\t\t\r\n\t\t\t\r\n\t<\/div>\r\n\t\r\n\t\t\t\t<\/div><!-- .dslc-module -->\r\n\t\t<\/div><div class=\"dslc-modules-area dslc-col dslc-4-col dslc-last-col dslc-valign-undefined \" data-size=\"4\" data-valign=\"undefined\">\r\n\t\t<div id=\"dslc-module-fc6008ae554\" class=\"dslc-module-front dslc-module-DSLC_Shortcode dslc-in-viewport-check dslc-in-viewport-anim-none  dslc-col dslc-12-col dslc-last-col  dslc-module-handle-like-regular \" data-module-id=\"fc6008ae554\" data-module=\"DSLC_Shortcode\" data-dslc-module-size=\"12\" data-dslc-anim=\"none\" data-dslc-anim-delay=\"\" data-dslc-anim-duration=\"650\"  data-dslc-anim-easing=\"ease\" data-dslc-preset=\"none\" >\r\n\r\n\t\t\t\r\n\t\t\t\r\n\t\t\t\t<div class=\"dslc-module-shortcode\">\r\n\t\t\t        \r\n        <div class=\"feedback-card\" data-key=\"post-765\" data-post-id=\"765\">\r\n      <p class=\"feedback-title\">\u00bfTe sirvi\u00f3 el contenido?<\/p>\r\n\r\n      <div class=\"fw-thank-you-msg\" style=\"display:none;\">\r\n          \u00a1Gracias por tu feedback!\r\n      <\/div>\r\n\r\n      <div class=\"feedback-top\">\r\n        <div class=\"feedback-vote\">\r\n          <button class=\"circle-btn like\" data-action=\"like\">\r\n            <i class=\"fa fa-thumbs-up\" aria-hidden=\"true\"><\/i>\r\n          <\/button>\r\n          <span class=\"vote-count like-count\">0<\/span>\r\n        <\/div>\r\n        <div class=\"feedback-vote\">\r\n          <button class=\"circle-btn dislike\" data-action=\"dislike\">\r\n            <i class=\"fa fa-thumbs-down\" aria-hidden=\"true\"><\/i>\r\n          <\/button>\r\n          <span class=\"vote-count dislike-count\">0<\/span>\r\n        <\/div>\r\n      <\/div>\r\n\r\n      <hr>\r\n\r\n      <div class=\"feedback-bottom\">\r\n        <button class=\"icon-btn\" data-action=\"print\">\r\n          <i class=\"fa fa-print\" aria-hidden=\"true\"><\/i>\r\n          <span>Imprimir<\/span>\r\n        <\/button>\r\n        <button class=\"icon-btn\" data-action=\"share\">\r\n          <i class=\"fa fa-share-alt\" aria-hidden=\"true\"><\/i>\r\n          <span>Compartir<\/span>\r\n        <\/button>\r\n        <button class=\"icon-btn\" data-action=\"save\">\r\n          <i class=\"fa fa-bookmark\" aria-hidden=\"true\"><\/i>\r\n          <span>Guardar<\/span>\r\n        <\/button>\r\n      <\/div>\r\n\r\n      <!-- FORMULARIO QUE SALE AL HACER DISLIKE -->\r\n      <div class=\"feedback-form\" style=\"display:none; margin-top:20px; text-align:left;\">\r\n        <p><strong>Todos los campos son obligatorios.<\/strong><\/p>\r\n        <p><strong>*Selecciona una de estas opciones:<\/strong><\/p>\r\n\r\n        <label class=\"fw-option\">\r\n          <input type=\"radio\" name=\"fw_motivo_765\" value=\"Algo aqu\u00ed no funciona\">\r\n          <span>Algo aqu\u00ed no funciona<\/span>\r\n        <\/label>\r\n        <label class=\"fw-option\">\r\n          <input type=\"radio\" name=\"fw_motivo_765\" value=\"Falta informaci\u00f3n\">\r\n          <span>Falta informaci\u00f3n<\/span>\r\n        <\/label>\r\n        <label class=\"fw-option\">\r\n          <input type=\"radio\" name=\"fw_motivo_765\" value=\"Hay informaci\u00f3n incorrecta\">\r\n          <span>Hay informaci\u00f3n incorrecta<\/span>\r\n        <\/label>\r\n        <label class=\"fw-option\">\r\n          <input type=\"radio\" name=\"fw_motivo_765\" value=\"No es f\u00e1cil de entender\">\r\n          <span>No es f\u00e1cil de entender<\/span>\r\n        <\/label>\r\n        <label class=\"fw-option\">\r\n          <input type=\"radio\" name=\"fw_motivo_765\" value=\"Otra raz\u00f3n\">\r\n          <span>Otra raz\u00f3n<\/span>\r\n        <\/label>\r\n\r\n        <p style=\"margin-top:10px;\"><strong>*Ind\u00edcanos por qu\u00e9<\/strong><\/p>\r\n        <textarea name=\"fw_detalle_765\" rows=\"3\" style=\"width:100%;\"><\/textarea>\r\n\r\n\r\n        <button type=\"button\" class=\"fw-send-btn\">\r\n          Enviar\r\n        <\/button>\r\n\r\n        <p class=\"fw-msg\" style=\"margin-top:10px; font-size:13px;\"><\/p>\r\n      <\/div>\r\n\r\n    <\/div>\r\n\r\n    \t\t<\/div>\r\n\t\t\r\n\t\t\t\t<\/div><!-- .dslc-module -->\r\n\t\t<\/div><\/div><\/div><\/div>","protected":false},"excerpt":{"rendered":"<p>Guia de Registro ScienceDirect Descargar Esta gu\u00eda de registro de Elsevier Science Direct te indica los pasos esenciales para crear tu cuenta. Aprende a verificar la existencia de tu usuario mediante tu correo electr\u00f3nico y a completar el formulario de registro estableciendo una contrase\u00f1a segura.<\/p>\n","protected":false},"author":39,"featured_media":0,"parent":0,"menu_order":0,"comment_status":"closed","ping_status":"closed","template":"","meta":{"_links_to":"","_links_to_target":""},"categories":[],"tags":[],"wps_subtitle":"","rttpg_featured_image_url":null,"rttpg_author":{"display_name":"lucia","author_link":"https:\/\/vri.unsa.edu.pe\/gestion-informacion\/author\/lucia\/"},"rttpg_comment":0,"rttpg_category":false,"rttpg_excerpt":"Guia de Registro ScienceDirect Descargar Esta gu\u00eda de registro de Elsevier Science Direct te indica los pasos esenciales para crear tu cuenta. Aprende a verificar la existencia de tu usuario mediante tu correo electr\u00f3nico y a completar el formulario de registro estableciendo una contrase\u00f1a segura.","_links":{"self":[{"href":"https:\/\/vri.unsa.edu.pe\/gestion-informacion\/wp-json\/wp\/v2\/pages\/745"}],"collection":[{"href":"https:\/\/vri.unsa.edu.pe\/gestion-informacion\/wp-json\/wp\/v2\/pages"}],"about":[{"href":"https:\/\/vri.unsa.edu.pe\/gestion-informacion\/wp-json\/wp\/v2\/types\/page"}],"author":[{"embeddable":true,"href":"https:\/\/vri.unsa.edu.pe\/gestion-informacion\/wp-json\/wp\/v2\/users\/39"}],"replies":[{"embeddable":true,"href":"https:\/\/vri.unsa.edu.pe\/gestion-informacion\/wp-json\/wp\/v2\/comments?post=745"}],"version-history":[{"count":1,"href":"https:\/\/vri.unsa.edu.pe\/gestion-informacion\/wp-json\/wp\/v2\/pages\/745\/revisions"}],"predecessor-version":[{"id":768,"href":"https:\/\/vri.unsa.edu.pe\/gestion-informacion\/wp-json\/wp\/v2\/pages\/745\/revisions\/768"}],"wp:attachment":[{"href":"https:\/\/vri.unsa.edu.pe\/gestion-informacion\/wp-json\/wp\/v2\/media?parent=745"}],"wp:term":[{"taxonomy":"category","embeddable":true,"href":"https:\/\/vri.unsa.edu.pe\/gestion-informacion\/wp-json\/wp\/v2\/categories?post=745"},{"taxonomy":"post_tag","embeddable":true,"href":"https:\/\/vri.unsa.edu.pe\/gestion-informacion\/wp-json\/wp\/v2\/tags?post=745"}],"curies":[{"name":"wp","href":"https:\/\/api.w.org\/{rel}","templated":true}]}}