{"id":728,"date":"2025-12-29T22:27:36","date_gmt":"2025-12-29T17:27:36","guid":{"rendered":"https:\/\/vri.unsa.edu.pe\/gestion-informacion\/?page_id=728"},"modified":"2025-12-29T22:27:36","modified_gmt":"2025-12-29T17:27:36","slug":"sistemas-internos-de-gestion","status":"publish","type":"page","link":"https:\/\/vri.unsa.edu.pe\/gestion-informacion\/sistemas-internos-de-gestion\/","title":{"rendered":"Sistemas Internos de Gesti\u00f3n"},"content":{"rendered":"<div id=\"dslc-main\">\r\n\t\t<div  class=\"dslc-modules-section  dslc-no-columns-spacing \" style=\"padding-bottom:113px;padding-top:113px;background-color:#faf4f4;background-image:url(https:\/\/vri.unsa.edu.pe\/gestion-informacion\/wp-content\/uploads\/sites\/14\/2025\/12\/dan-wayman-Y9Z4Yu13Igw-unsplash-scaled.jpg);background-position:center center;background-size:cover;\" data-section-id=\"01279e5cf76\">\r\n\t\t\t\t<div class=\"dslc-bg-video dslc-force-show\"><div class=\"dslc-bg-video-overlay\" style=\"background-color:#141e42; opacity:0.45; \"><\/div><\/div>\r\n\t\t\t\t\r\n\t\t\t\t<div class=\"dslc-modules-section-wrapper dslc-clearfix\"><div class=\"dslc-modules-area dslc-col dslc-6-col dslc-first-col dslc-valign-middle \" data-size=\"6\" data-valign=\"middle\">\r\n\t\t<div id=\"dslc-module-da7e5316b59\" class=\"dslc-module-front dslc-module-DSLC_Text_Simple dslc-in-viewport-check dslc-in-viewport-anim-none  dslc-col dslc-12-col dslc-last-col  dslc-module-handle-like-regular \" data-module-id=\"da7e5316b59\" data-module=\"DSLC_Text_Simple\" data-dslc-module-size=\"12\" data-dslc-anim=\"none\" data-dslc-anim-delay=\"\" data-dslc-anim-duration=\"650\"  data-dslc-anim-easing=\"ease\" data-dslc-preset=\"none\" >\r\n\r\n\t\t\t\r\n\t\t\t\r\n\t\t\r\n\t\t<div class=\"dslc-text-module-content\">\r\n\t\t\t<h1>Sistemas internos de gesti\u00f3n<\/h1>\t\t<\/div>\r\n\r\n\t\t\r\n\t\t\t\t<\/div><!-- .dslc-module -->\r\n\t\t<\/div><\/div><\/div>\r\n\t\t<div  class=\"dslc-modules-section \" style=\"padding-bottom:60px;padding-top:60px;background-color:rgba(13,4,71,0.16);\" data-section-id=\"802d1982b1e\">\r\n\t\t\t\t\r\n\t\t\t\t\r\n\t\t\t\t<div class=\"dslc-modules-section-wrapper dslc-clearfix\"><div class=\"dslc-modules-area dslc-col dslc-6-col dslc-first-col dslc-valign-undefined \" data-size=\"6\" data-valign=\"undefined\">\r\n\t\t<div id=\"dslc-module-c00fb5bbe21\" class=\"dslc-module-front dslc-module-DSLC_TP_Title dslc-in-viewport-check dslc-in-viewport-anim-none  dslc-col dslc-12-col dslc-last-col  dslc-module-handle-like-regular \" data-module-id=\"c00fb5bbe21\" data-module=\"DSLC_TP_Title\" data-dslc-module-size=\"12\" data-dslc-anim=\"none\" data-dslc-anim-delay=\"\" data-dslc-anim-duration=\"650\"  data-dslc-anim-easing=\"ease\" data-dslc-preset=\"none\" >\r\n\r\n\t\t\t\r\n\t\t\t\r\n\t\t\r\n\t\t\t\t<div class=\"dslc-tp-title\"><h1>Sistemas Internos de Gesti\u00f3n<\/h1><\/div>\r\n\r\n\t\t\t\r\n\t\t\t\t<\/div><!-- .dslc-module -->\r\n\t\t\r\n\t\t<div id=\"dslc-module-43e0d5b8877\" class=\"dslc-module-front dslc-module-DSLC_Text_Simple dslc-in-viewport-check dslc-in-viewport-anim-none  dslc-col dslc-12-col dslc-last-col  dslc-module-handle-like-regular \" data-module-id=\"43e0d5b8877\" data-module=\"DSLC_Text_Simple\" data-dslc-module-size=\"12\" data-dslc-anim=\"none\" data-dslc-anim-delay=\"\" data-dslc-anim-duration=\"650\"  data-dslc-anim-easing=\"ease\" data-dslc-preset=\"none\" >\r\n\r\n\t\t\t\r\n\t\t\t\r\n\t\t\r\n\t\t<div class=\"dslc-text-module-content\">\r\n\t\t\t<p>Orientados a fortalecer la gesti\u00f3n administrativa, los sistemas de la UGINF est\u00e1n alineados con los est\u00e1ndares y buenas pr\u00e1cticas de la instituci\u00f3n, brindando soporte eficiente a los procesos internos, con acceso exclusivo para el personal autorizado.<\/p>\t\t<\/div>\r\n\r\n\t\t\r\n\t\t\t\t<\/div><!-- .dslc-module -->\r\n\t\t<\/div><\/div><\/div>\r\n\t\t<div  class=\"dslc-modules-section \" style=\"padding-bottom:60px;padding-top:60px;\" data-section-id=\"b08d8av7e7k\">\r\n\t\t\t\t\r\n\t\t\t\t\r\n\t\t\t\t<div class=\"dslc-modules-section-wrapper dslc-clearfix\"><div class=\"dslc-modules-area dslc-col dslc-6-col dslc-first-col dslc-valign-undefined \" data-size=\"6\" data-valign=\"undefined\">\r\n\t\t<div id=\"dslc-module-dlkmk9nmc7k\" class=\"dslc-module-front dslc-module-DSLC_Text_Simple dslc-in-viewport-check dslc-in-viewport-anim-none  dslc-col dslc-12-col dslc-last-col  dslc-module-handle-like-regular \" data-module-id=\"dlkmk9nmc7k\" data-module=\"DSLC_Text_Simple\" data-dslc-module-size=\"12\" data-dslc-anim=\"none\" data-dslc-anim-delay=\"\" data-dslc-anim-duration=\"650\"  data-dslc-anim-easing=\"ease\" data-dslc-preset=\"none\" >\r\n\r\n\t\t\t\r\n\t\t\t\r\n\t\t\r\n\t\t<div class=\"dslc-text-module-content\">\r\n\t\t\t<h2>Sistema de Atentaci\u00f3n a Solicitudes de Publicaci\u00f3n (SASP)<\/h2><p>Este sistema permite recibir solicitudes de publicaci\u00f3n de tesis, art\u00edculos, libros y otros materiales, gestionando su incorporaci\u00f3n al repositorio institucional de la UNSA. Adem\u00e1s, atiende requerimientos de revistas de investigaci\u00f3n y brinda soporte a la comunidad universitaria de manera eficiente.<\/p>\t\t<\/div>\r\n\r\n\t\t\r\n\t\t\t\t<\/div><!-- .dslc-module -->\r\n\t\t<\/div><div class=\"dslc-modules-area dslc-col dslc-6-col dslc-last-col dslc-valign- \" data-size=\"6\" data-valign=\"\">\r\n\t\t<div id=\"dslc-module-l284pgpvi48\" class=\"dslc-module-front dslc-module-DSLC_Image dslc-in-viewport-check dslc-in-viewport-anim-none  dslc-col dslc-12-col dslc-last-col  dslc-module-handle-like-regular \" data-module-id=\"l284pgpvi48\" data-module=\"DSLC_Image\" data-dslc-module-size=\"12\" data-dslc-anim=\"none\" data-dslc-anim-delay=\"\" data-dslc-anim-duration=\"650\"  data-dslc-anim-easing=\"ease\" data-dslc-preset=\"none\" >\r\n\r\n\t\t\t\r\n\t\t\t\r\n\t\t\t\t<div class=\"dslc-image-container\">\r\n\t\t<div class=\"dslc-image\">\r\n\r\n\t\t\t\r\n\t\t\t\t\r\n\t\t\t\t\t\t\t\t\t<img src=\"https:\/\/vri.unsa.edu.pe\/gestion-informacion\/wp-content\/uploads\/sites\/14\/2025\/12\/Blur_portada-sasp.png\" alt=\"\" title=\"\"   \/>\r\n\t\t\t\t\r\n\t\t\t\t\t\t\t\t\t<\/div><!-- .dslc-image -->\r\n\t\t<\/div>\r\n\t\t\r\n\t\t\t\t<\/div><!-- .dslc-module -->\r\n\t\t<\/div><\/div><\/div>\r\n\t\t<div  class=\"dslc-modules-section \" style=\"padding-bottom:60px;padding-top:60px;background-color:#f4f6f9;\" data-section-id=\"9midp3bki5c\">\r\n\t\t\t\t\r\n\t\t\t\t\r\n\t\t\t\t<div class=\"dslc-modules-section-wrapper dslc-clearfix\"><div class=\"dslc-modules-area dslc-col dslc-6-col dslc-first-col dslc-valign-undefined \" data-size=\"6\" data-valign=\"undefined\">\r\n\t\t<div id=\"dslc-module-2kpuuh79dm8\" class=\"dslc-module-front dslc-module-DSLC_Text_Simple dslc-in-viewport-check dslc-in-viewport-anim-none  dslc-col dslc-12-col dslc-last-col  dslc-module-handle-like-regular \" data-module-id=\"2kpuuh79dm8\" data-module=\"DSLC_Text_Simple\" data-dslc-module-size=\"12\" data-dslc-anim=\"none\" data-dslc-anim-delay=\"\" data-dslc-anim-duration=\"650\"  data-dslc-anim-easing=\"ease\" data-dslc-preset=\"none\" >\r\n\r\n\t\t\t\r\n\t\t\t\r\n\t\t\r\n\t\t<div class=\"dslc-text-module-content\">\r\n\t\t\t<h2>Sistema de Administrativo UGINF<\/h2><p>Este sistema permite administrar y dar seguimiento a oficios, actividades y tareas programadas, incluyendo env\u00edo automatizado de correos. Facilita la planificaci\u00f3n mediante diagramas de Gantt, seguimiento de indicadores, delegaci\u00f3n de responsabilidades y colaboraci\u00f3n eficiente dentro del flujo de trabajo de la Unidad de Gesti\u00f3n de la Informaci\u00f3n.<\/p>\t\t<\/div>\r\n\r\n\t\t\r\n\t\t\t\t<\/div><!-- .dslc-module -->\r\n\t\t<\/div><div class=\"dslc-modules-area dslc-col dslc-6-col dslc-last-col dslc-valign- \" data-size=\"6\" data-valign=\"\">\r\n\t\t<div id=\"dslc-module-r6t0r6d8nr4\" class=\"dslc-module-front dslc-module-DSLC_Image dslc-in-viewport-check dslc-in-viewport-anim-none  dslc-col dslc-12-col dslc-last-col  dslc-module-handle-like-regular \" data-module-id=\"r6t0r6d8nr4\" data-module=\"DSLC_Image\" data-dslc-module-size=\"12\" data-dslc-anim=\"none\" data-dslc-anim-delay=\"\" data-dslc-anim-duration=\"650\"  data-dslc-anim-easing=\"ease\" data-dslc-preset=\"none\" >\r\n\r\n\t\t\t\r\n\t\t\t\r\n\t\t\t\t<div class=\"dslc-image-container\">\r\n\t\t<div class=\"dslc-image\">\r\n\r\n\t\t\t\r\n\t\t\t\t\r\n\t\t\t\t\t\t\t\t\t<img src=\"https:\/\/vri.unsa.edu.pe\/gestion-informacion\/wp-content\/uploads\/sites\/14\/2025\/12\/Blur_portada-administracion.png\" alt=\"\" title=\"\"   \/>\r\n\t\t\t\t\r\n\t\t\t\t\t\t\t\t\t<\/div><!-- .dslc-image -->\r\n\t\t<\/div>\r\n\t\t\r\n\t\t\t\t<\/div><!-- .dslc-module -->\r\n\t\t<\/div><\/div><\/div>\r\n\t\t<div  class=\"dslc-modules-section \" style=\"padding-bottom:60px;padding-top:60px;\" data-section-id=\"m5t8ti8ohb8\">\r\n\t\t\t\t\r\n\t\t\t\t\r\n\t\t\t\t<div class=\"dslc-modules-section-wrapper dslc-clearfix\"><div class=\"dslc-modules-area dslc-col dslc-6-col dslc-first-col dslc-valign-undefined \" data-size=\"6\" data-valign=\"undefined\">\r\n\t\t<div id=\"dslc-module-c8tt6nph8kk\" class=\"dslc-module-front dslc-module-DSLC_Text_Simple dslc-in-viewport-check dslc-in-viewport-anim-none  dslc-col dslc-12-col dslc-last-col  dslc-module-handle-like-regular \" data-module-id=\"c8tt6nph8kk\" data-module=\"DSLC_Text_Simple\" data-dslc-module-size=\"12\" data-dslc-anim=\"none\" data-dslc-anim-delay=\"\" data-dslc-anim-duration=\"650\"  data-dslc-anim-easing=\"ease\" data-dslc-preset=\"none\" >\r\n\r\n\t\t\t\r\n\t\t\t\r\n\t\t\r\n\t\t<div class=\"dslc-text-module-content\">\r\n\t\t\t<h2>Sistema de Gesti\u00f3n de Fondos Concursables<\/h2><p>Este sistema permite administrar de manera integral las convocatorias de fondos concursables del Vicerrectorado de Investigaci\u00f3n, gestionando todas sus etapas: postulaci\u00f3n, elegibilidad, evaluaci\u00f3n y selecci\u00f3n, facilitando la asignaci\u00f3n de revisores, seguimiento de procesos y generaci\u00f3n de resultados de manera eficiente.<\/p>\t\t<\/div>\r\n\r\n\t\t\r\n\t\t\t\t<\/div><!-- .dslc-module -->\r\n\t\t<\/div><div class=\"dslc-modules-area dslc-col dslc-6-col dslc-last-col dslc-valign- \" data-size=\"6\" data-valign=\"\">\r\n\t\t<div id=\"dslc-module-qnkdbvi3s8c\" class=\"dslc-module-front dslc-module-DSLC_Image dslc-in-viewport-check dslc-in-viewport-anim-none  dslc-col dslc-12-col dslc-last-col  dslc-module-handle-like-regular \" data-module-id=\"qnkdbvi3s8c\" data-module=\"DSLC_Image\" data-dslc-module-size=\"12\" data-dslc-anim=\"none\" data-dslc-anim-delay=\"\" data-dslc-anim-duration=\"650\"  data-dslc-anim-easing=\"ease\" data-dslc-preset=\"none\" >\r\n\r\n\t\t\t\r\n\t\t\t\r\n\t\t\t\t<div class=\"dslc-image-container\">\r\n\t\t<div class=\"dslc-image\">\r\n\r\n\t\t\t\r\n\t\t\t\t\r\n\t\t\t\t\t\t\t\t\t<img src=\"https:\/\/vri.unsa.edu.pe\/gestion-informacion\/wp-content\/uploads\/sites\/14\/2025\/12\/Blur_portada-postulacion.png\" alt=\"\" title=\"\"   \/>\r\n\t\t\t\t\r\n\t\t\t\t\t\t\t\t\t<\/div><!-- .dslc-image -->\r\n\t\t<\/div>\r\n\t\t\r\n\t\t\t\t<\/div><!-- .dslc-module -->\r\n\t\t<\/div><\/div><\/div><\/div>","protected":false},"excerpt":{"rendered":"<p>Sistemas internos de gesti\u00f3n Sistemas Internos de Gesti\u00f3n Orientados a fortalecer la gesti\u00f3n administrativa, los sistemas de la UGINF est\u00e1n alineados con los est\u00e1ndares y buenas pr\u00e1cticas de la instituci\u00f3n, brindando soporte eficiente a los procesos internos, con acceso exclusivo para el personal autorizado. Sistema de Atentaci\u00f3n a Solicitudes de Publicaci\u00f3n (SASP)Este sistema permite recibir [&hellip;]<\/p>\n","protected":false},"author":2,"featured_media":0,"parent":0,"menu_order":0,"comment_status":"closed","ping_status":"closed","template":"","meta":{"_links_to":"","_links_to_target":""},"categories":[],"tags":[],"wps_subtitle":"","rttpg_featured_image_url":null,"rttpg_author":{"display_name":"investigacion","author_link":"https:\/\/vri.unsa.edu.pe\/gestion-informacion\/author\/investigacion\/"},"rttpg_comment":0,"rttpg_category":false,"rttpg_excerpt":"Sistemas internos de gesti\u00f3n Sistemas Internos de Gesti\u00f3n Orientados a fortalecer la gesti\u00f3n administrativa, los sistemas de la UGINF est\u00e1n alineados con los est\u00e1ndares y buenas pr\u00e1cticas de la instituci\u00f3n, brindando soporte eficiente a los procesos internos, con acceso exclusivo para el personal autorizado. Sistema de Atentaci\u00f3n a Solicitudes de Publicaci\u00f3n (SASP)Este sistema permite recibir&hellip;","_links":{"self":[{"href":"https:\/\/vri.unsa.edu.pe\/gestion-informacion\/wp-json\/wp\/v2\/pages\/728"}],"collection":[{"href":"https:\/\/vri.unsa.edu.pe\/gestion-informacion\/wp-json\/wp\/v2\/pages"}],"about":[{"href":"https:\/\/vri.unsa.edu.pe\/gestion-informacion\/wp-json\/wp\/v2\/types\/page"}],"author":[{"embeddable":true,"href":"https:\/\/vri.unsa.edu.pe\/gestion-informacion\/wp-json\/wp\/v2\/users\/2"}],"replies":[{"embeddable":true,"href":"https:\/\/vri.unsa.edu.pe\/gestion-informacion\/wp-json\/wp\/v2\/comments?post=728"}],"version-history":[{"count":1,"href":"https:\/\/vri.unsa.edu.pe\/gestion-informacion\/wp-json\/wp\/v2\/pages\/728\/revisions"}],"predecessor-version":[{"id":729,"href":"https:\/\/vri.unsa.edu.pe\/gestion-informacion\/wp-json\/wp\/v2\/pages\/728\/revisions\/729"}],"wp:attachment":[{"href":"https:\/\/vri.unsa.edu.pe\/gestion-informacion\/wp-json\/wp\/v2\/media?parent=728"}],"wp:term":[{"taxonomy":"category","embeddable":true,"href":"https:\/\/vri.unsa.edu.pe\/gestion-informacion\/wp-json\/wp\/v2\/categories?post=728"},{"taxonomy":"post_tag","embeddable":true,"href":"https:\/\/vri.unsa.edu.pe\/gestion-informacion\/wp-json\/wp\/v2\/tags?post=728"}],"curies":[{"name":"wp","href":"https:\/\/api.w.org\/{rel}","templated":true}]}}