{"id":618,"date":"2025-12-24T21:32:12","date_gmt":"2025-12-24T16:32:12","guid":{"rendered":"https:\/\/vri.unsa.edu.pe\/gestion-informacion\/?page_id=618"},"modified":"2025-12-30T12:21:14","modified_gmt":"2025-12-30T17:21:14","slug":"busquedas-scopus","status":"publish","type":"page","link":"https:\/\/vri.unsa.edu.pe\/gestion-informacion\/busquedas-scopus\/","title":{"rendered":"\u00bfC\u00f3mo realizar b\u00fasquedas en Scopus?"},"content":{"rendered":"<div id=\"dslc-main\">\r\n\t\t<div  class=\"dslc-modules-section \" style=\"padding-bottom:60px;padding-top:60px;\" data-section-id=\"756cb7e138d\">\r\n\t\t\t\t\r\n\t\t\t\t\r\n\t\t\t\t<div class=\"dslc-modules-section-wrapper dslc-clearfix\"><div class=\"dslc-modules-area dslc-col dslc-8-col dslc-first-col dslc-valign- \" data-size=\"8\" data-valign=\"\">\r\n\t\t<div id=\"dslc-module-7f3ecabc7a3\" class=\"dslc-module-front dslc-module-DSLC_TP_Title dslc-in-viewport-check dslc-in-viewport-anim-none  dslc-col dslc-12-col dslc-last-col  dslc-module-handle-like-regular \" data-module-id=\"7f3ecabc7a3\" data-module=\"DSLC_TP_Title\" data-dslc-module-size=\"12\" data-dslc-anim=\"none\" data-dslc-anim-delay=\"\" data-dslc-anim-duration=\"650\"  data-dslc-anim-easing=\"ease\" data-dslc-preset=\"none\" >\r\n\r\n\t\t\t\r\n\t\t\t\r\n\t\t\r\n\t\t\t\t<div class=\"dslc-tp-title\"><h1>\u00bfC\u00f3mo realizar b\u00fasquedas en Scopus?<\/h1><\/div>\r\n\r\n\t\t\t\r\n\t\t\t\t<\/div><!-- .dslc-module -->\r\n\t\t\r\n\t\t<div id=\"dslc-module-7646abe5278\" class=\"dslc-module-front dslc-module-DSLC_Text_Simple dslc-in-viewport-check dslc-in-viewport-anim-none  dslc-col dslc-12-col dslc-last-col  dslc-module-handle-like-regular \" data-module-id=\"7646abe5278\" data-module=\"DSLC_Text_Simple\" data-dslc-module-size=\"12\" data-dslc-anim=\"none\" data-dslc-anim-delay=\"\" data-dslc-anim-duration=\"650\"  data-dslc-anim-easing=\"ease\" data-dslc-preset=\"none\" >\r\n\r\n\t\t\t\r\n\t\t\t\r\n\t\t\r\n\t\t<div class=\"dslc-text-module-content\">\r\n\t\t\t<p>En este video tutorial aprender\u00e1s las estrategias clave para optimizar la recuperaci\u00f3n de informaci\u00f3n en Scopus. Ver\u00e1s paso a paso c\u00f3mo configurar b\u00fasquedas guardadas y alertas para recibir notificaciones autom\u00e1ticas sobre nuevas citas o resultados relevantes. Adem\u00e1s, te mostraremos visualmente c\u00f3mo combinar consultas aplicando filtros espec\u00edficos y c\u00f3mo utilizar la herramienta de comparaci\u00f3n de fuentes para evaluar tendencias y m\u00e9tricas de impacto entre hasta 10 revistas acad\u00e9micas simult\u00e1neamente.<\/p>\t\t<\/div>\r\n\r\n\t\t\r\n\t\t\t\t<\/div><!-- .dslc-module -->\r\n\t\t\r\n\t\t<div id=\"dslc-module-4747ef29b10\" class=\"dslc-module-front dslc-module-DSLC_Text_Simple dslc-in-viewport-check dslc-in-viewport-anim-none  dslc-col dslc-12-col dslc-last-col  dslc-module-handle-like-regular \" data-module-id=\"4747ef29b10\" data-module=\"DSLC_Text_Simple\" data-dslc-module-size=\"12\" data-dslc-anim=\"none\" data-dslc-anim-delay=\"\" data-dslc-anim-duration=\"650\"  data-dslc-anim-easing=\"ease\" data-dslc-preset=\"none\" >\r\n\r\n\t\t\t\r\n\t\t\t\r\n\t\t\r\n\t\t<div class=\"dslc-text-module-content\">\r\n\t\t\t<div class=\"unsa-visuals\"><section><h2><strong>Antes de empezar<\/strong><\/h2><hr><p>Para completar esta solicitud digital sin interrupciones, aseg\u00farate de cumplir con lo siguiente:<\/p><ul><li>Navegador web actualizado (Chrome, Edge, Firefox o similares).<\/li><li>Conexi\u00f3n a internet estable.<\/li><\/ul><\/section><\/div><p><style>\n    \/* Estilos M\u00cdNIMOS para componentes visuales<br \/>       (C\u00edrculos de pasos y Caja de Alerta)<br \/>    *\/<\/p>\n<p>    \/* Variables de color solo para los elementos visuales *\/<br \/>    .unsa-visuals {<br \/>        --primary-color: #002060; \/* Azul de los c\u00edrculos *\/<br \/>        --link-color: #0056ac;    \/* Azul del borde de alerta *\/<br \/>    }<\/p>\n<p>    \/* 1. ESTILO CAJA DE ALERTA (Como tu imagen) *\/<br \/>    .unsa-visuals .alert-box {<br \/>        background-color: #e8f4fd;<br \/>        border-left: 4px solid var(--link-color);<br \/>        padding: 15px;<br \/>        margin: 20px 0;<br \/>    }<\/p>\n<\/style><\/p>\t\t<\/div>\r\n\r\n\t\t\r\n\t\t\t\t<\/div><!-- .dslc-module -->\r\n\t\t\r\n\t\t<div id=\"dslc-module-bcd4b1d73d1\" class=\"dslc-module-front dslc-module-DSLC_Text_Simple dslc-in-viewport-check dslc-in-viewport-anim-none  dslc-col dslc-12-col dslc-last-col  dslc-module-handle-like-regular \" data-module-id=\"bcd4b1d73d1\" data-module=\"DSLC_Text_Simple\" data-dslc-module-size=\"12\" data-dslc-anim=\"none\" data-dslc-anim-delay=\"\" data-dslc-anim-duration=\"650\"  data-dslc-anim-easing=\"ease\" data-dslc-preset=\"none\" >\r\n\r\n\t\t\t\r\n\t\t\t\r\n\t\t\r\n\t\t<div class=\"dslc-text-module-content\">\r\n\t\t\t<h2><strong>Acceso al contenido<\/strong><\/h2>\n<hr>\t\t<\/div>\r\n\r\n\t\t\r\n\t\t\t\t<\/div><!-- .dslc-module -->\r\n\t\t\r\n\t\t<div id=\"dslc-module-c12eae19238\" class=\"dslc-module-front dslc-module-DSLC_Html dslc-in-viewport-check dslc-in-viewport-anim-none  dslc-col dslc-12-col dslc-last-col  dslc-module-handle-like-regular \" data-module-id=\"c12eae19238\" data-module=\"DSLC_Html\" data-dslc-module-size=\"12\" data-dslc-anim=\"none\" data-dslc-anim-delay=\"\" data-dslc-anim-duration=\"650\"  data-dslc-anim-easing=\"ease\" data-dslc-preset=\"none\" >\r\n\r\n\t\t\t\r\n\t\t\t\r\n\t\t<div class=\"dslc-html-module-content\"><iframe src=\"https:\/\/drive.google.com\/file\/d\/1N-i9pTCda7ZDVyWFZ_77sGzJI8Dg3eLf\/preview\" width=\"100%\" height=\"480\" style=\"border:none;\" allowfullscreen><\/iframe><\/div>\r\n\t\t\t\t<\/div><!-- .dslc-module -->\r\n\t\t<\/div><div class=\"dslc-modules-area dslc-col dslc-4-col dslc-last-col dslc-valign-undefined \" data-size=\"4\" data-valign=\"undefined\">\r\n\t\t<div id=\"dslc-module-b988c8781a2\" class=\"dslc-module-front dslc-module-DSLC_Shortcode dslc-in-viewport-check dslc-in-viewport-anim-none  dslc-col dslc-12-col dslc-last-col  dslc-module-handle-like-regular \" data-module-id=\"b988c8781a2\" data-module=\"DSLC_Shortcode\" data-dslc-module-size=\"12\" data-dslc-anim=\"none\" data-dslc-anim-delay=\"\" data-dslc-anim-duration=\"650\"  data-dslc-anim-easing=\"ease\" data-dslc-preset=\"none\" >\r\n\r\n\t\t\t\r\n\t\t\t\r\n\t\t\t\t<div class=\"dslc-module-shortcode\">\r\n\t\t\t        \r\n        <div class=\"feedback-card\" data-key=\"post-618\" data-post-id=\"618\">\r\n      <p class=\"feedback-title\">\u00bfTe sirvi\u00f3 el contenido?<\/p>\r\n\r\n      <div class=\"fw-thank-you-msg\" style=\"display:none;\">\r\n          \u00a1Gracias por tu feedback!\r\n      <\/div>\r\n\r\n      <div class=\"feedback-top\">\r\n        <div class=\"feedback-vote\">\r\n          <button class=\"circle-btn like\" data-action=\"like\">\r\n            <i class=\"fa fa-thumbs-up\" aria-hidden=\"true\"><\/i>\r\n          <\/button>\r\n          <span class=\"vote-count like-count\">0<\/span>\r\n        <\/div>\r\n        <div class=\"feedback-vote\">\r\n          <button class=\"circle-btn dislike\" data-action=\"dislike\">\r\n            <i class=\"fa fa-thumbs-down\" aria-hidden=\"true\"><\/i>\r\n          <\/button>\r\n          <span class=\"vote-count dislike-count\">0<\/span>\r\n        <\/div>\r\n      <\/div>\r\n\r\n      <hr>\r\n\r\n      <div class=\"feedback-bottom\">\r\n        <button class=\"icon-btn\" data-action=\"print\">\r\n          <i class=\"fa fa-print\" aria-hidden=\"true\"><\/i>\r\n          <span>Imprimir<\/span>\r\n        <\/button>\r\n        <button class=\"icon-btn\" data-action=\"share\">\r\n          <i class=\"fa fa-share-alt\" aria-hidden=\"true\"><\/i>\r\n          <span>Compartir<\/span>\r\n        <\/button>\r\n        <button class=\"icon-btn\" data-action=\"save\">\r\n          <i class=\"fa fa-bookmark\" aria-hidden=\"true\"><\/i>\r\n          <span>Guardar<\/span>\r\n        <\/button>\r\n      <\/div>\r\n\r\n      <!-- FORMULARIO QUE SALE AL HACER DISLIKE -->\r\n      <div class=\"feedback-form\" style=\"display:none; margin-top:20px; text-align:left;\">\r\n        <p><strong>Todos los campos son obligatorios.<\/strong><\/p>\r\n        <p><strong>*Selecciona una de estas opciones:<\/strong><\/p>\r\n\r\n        <label class=\"fw-option\">\r\n          <input type=\"radio\" name=\"fw_motivo_618\" value=\"Algo aqu\u00ed no funciona\">\r\n          <span>Algo aqu\u00ed no funciona<\/span>\r\n        <\/label>\r\n        <label class=\"fw-option\">\r\n          <input type=\"radio\" name=\"fw_motivo_618\" value=\"Falta informaci\u00f3n\">\r\n          <span>Falta informaci\u00f3n<\/span>\r\n        <\/label>\r\n        <label class=\"fw-option\">\r\n          <input type=\"radio\" name=\"fw_motivo_618\" value=\"Hay informaci\u00f3n incorrecta\">\r\n          <span>Hay informaci\u00f3n incorrecta<\/span>\r\n        <\/label>\r\n        <label class=\"fw-option\">\r\n          <input type=\"radio\" name=\"fw_motivo_618\" value=\"No es f\u00e1cil de entender\">\r\n          <span>No es f\u00e1cil de entender<\/span>\r\n        <\/label>\r\n        <label class=\"fw-option\">\r\n          <input type=\"radio\" name=\"fw_motivo_618\" value=\"Otra raz\u00f3n\">\r\n          <span>Otra raz\u00f3n<\/span>\r\n        <\/label>\r\n\r\n        <p style=\"margin-top:10px;\"><strong>*Ind\u00edcanos por qu\u00e9<\/strong><\/p>\r\n        <textarea name=\"fw_detalle_618\" rows=\"3\" style=\"width:100%;\"><\/textarea>\r\n\r\n\r\n        <button type=\"button\" class=\"fw-send-btn\">\r\n          Enviar\r\n        <\/button>\r\n\r\n        <p class=\"fw-msg\" style=\"margin-top:10px; font-size:13px;\"><\/p>\r\n      <\/div>\r\n\r\n    <\/div>\r\n\r\n    \t\t<\/div>\r\n\t\t\r\n\t\t\t\t<\/div><!-- .dslc-module -->\r\n\t\t<\/div><\/div><\/div><\/div>","protected":false},"excerpt":{"rendered":"<p>\u00bfC\u00f3mo realizar b\u00fasquedas en Scopus? En este video tutorial aprender\u00e1s las estrategias clave para optimizar la recuperaci\u00f3n de informaci\u00f3n en Scopus. Ver\u00e1s paso a paso c\u00f3mo configurar b\u00fasquedas guardadas y alertas para recibir notificaciones autom\u00e1ticas sobre nuevas citas o resultados relevantes. Adem\u00e1s, te mostraremos visualmente c\u00f3mo combinar consultas aplicando filtros espec\u00edficos y c\u00f3mo utilizar la [&hellip;]<\/p>\n","protected":false},"author":39,"featured_media":0,"parent":0,"menu_order":0,"comment_status":"closed","ping_status":"closed","template":"","meta":{"_links_to":"","_links_to_target":""},"categories":[],"tags":[],"wps_subtitle":"","rttpg_featured_image_url":null,"rttpg_author":{"display_name":"lucia","author_link":"https:\/\/vri.unsa.edu.pe\/gestion-informacion\/author\/lucia\/"},"rttpg_comment":0,"rttpg_category":false,"rttpg_excerpt":"\u00bfC\u00f3mo realizar b\u00fasquedas en Scopus? En este video tutorial aprender\u00e1s las estrategias clave para optimizar la recuperaci\u00f3n de informaci\u00f3n en Scopus. Ver\u00e1s paso a paso c\u00f3mo configurar b\u00fasquedas guardadas y alertas para recibir notificaciones autom\u00e1ticas sobre nuevas citas o resultados relevantes. Adem\u00e1s, te mostraremos visualmente c\u00f3mo combinar consultas aplicando filtros espec\u00edficos y c\u00f3mo utilizar la&hellip;","_links":{"self":[{"href":"https:\/\/vri.unsa.edu.pe\/gestion-informacion\/wp-json\/wp\/v2\/pages\/618"}],"collection":[{"href":"https:\/\/vri.unsa.edu.pe\/gestion-informacion\/wp-json\/wp\/v2\/pages"}],"about":[{"href":"https:\/\/vri.unsa.edu.pe\/gestion-informacion\/wp-json\/wp\/v2\/types\/page"}],"author":[{"embeddable":true,"href":"https:\/\/vri.unsa.edu.pe\/gestion-informacion\/wp-json\/wp\/v2\/users\/39"}],"replies":[{"embeddable":true,"href":"https:\/\/vri.unsa.edu.pe\/gestion-informacion\/wp-json\/wp\/v2\/comments?post=618"}],"version-history":[{"count":4,"href":"https:\/\/vri.unsa.edu.pe\/gestion-informacion\/wp-json\/wp\/v2\/pages\/618\/revisions"}],"predecessor-version":[{"id":789,"href":"https:\/\/vri.unsa.edu.pe\/gestion-informacion\/wp-json\/wp\/v2\/pages\/618\/revisions\/789"}],"wp:attachment":[{"href":"https:\/\/vri.unsa.edu.pe\/gestion-informacion\/wp-json\/wp\/v2\/media?parent=618"}],"wp:term":[{"taxonomy":"category","embeddable":true,"href":"https:\/\/vri.unsa.edu.pe\/gestion-informacion\/wp-json\/wp\/v2\/categories?post=618"},{"taxonomy":"post_tag","embeddable":true,"href":"https:\/\/vri.unsa.edu.pe\/gestion-informacion\/wp-json\/wp\/v2\/tags?post=618"}],"curies":[{"name":"wp","href":"https:\/\/api.w.org\/{rel}","templated":true}]}}