{"id":547,"date":"2025-12-22T20:20:16","date_gmt":"2025-12-22T15:20:16","guid":{"rendered":"https:\/\/vri.unsa.edu.pe\/gestion-informacion\/?page_id=547"},"modified":"2025-12-29T02:34:42","modified_gmt":"2025-12-28T21:34:42","slug":"creacion-y-formalizacion-de-revistas-de-investigacion","status":"publish","type":"page","link":"https:\/\/vri.unsa.edu.pe\/gestion-informacion\/creacion-y-formalizacion-de-revistas-de-investigacion\/","title":{"rendered":"Creaci\u00f3n y Formalizaci\u00f3n de Revistas de Investigaci\u00f3n"},"content":{"rendered":"<div id=\"dslc-main\">\r\n\t\t<div  class=\"dslc-modules-section \" style=\"padding-bottom:60px;padding-top:60px;\" data-section-id=\"4e3a48c6c69\">\r\n\t\t\t\t\r\n\t\t\t\t\r\n\t\t\t\t<div class=\"dslc-modules-section-wrapper dslc-clearfix\"><div class=\"dslc-modules-area dslc-col dslc-8-col dslc-first-col dslc-valign- \" data-size=\"8\" data-valign=\"\">\r\n\t\t<div id=\"dslc-module-568c5e74773\" class=\"dslc-module-front dslc-module-DSLC_Text_Simple dslc-in-viewport-check dslc-in-viewport-anim-none  dslc-col dslc-12-col dslc-last-col  dslc-module-handle-like-regular \" data-module-id=\"568c5e74773\" data-module=\"DSLC_Text_Simple\" data-dslc-module-size=\"12\" data-dslc-anim=\"none\" data-dslc-anim-delay=\"\" data-dslc-anim-duration=\"650\"  data-dslc-anim-easing=\"ease\" data-dslc-preset=\"none\" >\r\n\r\n\t\t\t\r\n\t\t\t\r\n\t\t\r\n\t\t<div class=\"dslc-text-module-content\">\r\n\t\t\t<h1><strong>Solicitud de Orientaci\u00f3n para la Creaci\u00f3n y Formalizaci\u00f3n de Revistas de Investigaci\u00f3n<\/strong><\/h1>\n\n    <p>\n        Si su unidad acad\u00e9mica (Facultad, Escuela Profesional o Departamento Acad\u00e9mico) est\u00e1 gestionando la creaci\u00f3n de una nueva Revista de Investigaci\u00f3n, o desea formalizar una existente, debe iniciar este proceso con la Unidad de Gesti\u00f3n de la Informaci\u00f3n (UGINF).\n\nEste paso es indispensable para que la revista pueda ser incorporada al Repositorio de Revistas de Investigaci\u00f3n de la UNSA (https:\/\/revistas.unsa.edu.pe), asegurando su preservaci\u00f3n digital a largo plazo y facilitando su acceso libre a la comunidad acad\u00e9mica local e internacional, conforme al Art\u00edculo 11 del Reglamento del Repositorio Institucional (R.C.U. 0306-2024).<\/p>\t\t<\/div>\r\n\r\n\t\t\r\n\t\t\t\t<\/div><!-- .dslc-module -->\r\n\t\t\r\n\t\t<div id=\"dslc-module-c3c90e9a4b1\" class=\"dslc-module-front dslc-module-DSLC_Text_Simple dslc-in-viewport-check dslc-in-viewport-anim-none  dslc-col dslc-12-col dslc-last-col  dslc-module-handle-like-regular \" data-module-id=\"c3c90e9a4b1\" data-module=\"DSLC_Text_Simple\" data-dslc-module-size=\"12\" data-dslc-anim=\"none\" data-dslc-anim-delay=\"\" data-dslc-anim-duration=\"650\"  data-dslc-anim-easing=\"ease\" data-dslc-preset=\"none\" >\r\n\r\n\t\t\t\r\n\t\t\t\r\n\t\t\r\n\t\t<div class=\"dslc-text-module-content\">\r\n\t\t\t<div class=\"unsa-visuals\">\n<section>\n        <h2><strong>Antes de empezar<\/strong><\/h2>\n<hr>\n        <p>Para iniciar esta solicitud de orientaci\u00f3n, aseg\u00farese de cumplir con lo siguiente:<\/p>\n        <ul>\n            <li>Representar a una unidad acad\u00e9mica de la UNSA (Decanato, Direcci\u00f3n de Escuela o Departamento).<\/li>\n            <li>Tener un proyecto claro de inicio de revista o la necesidad de formalizar una revista en curso.<\/li>\n            <li>Tener como objetivo la incorporaci\u00f3n de la revista al repositorio institucional oficial gestionado por la UGINF.<\/li>\n        <\/ul>\n\n    <\/section>\n<\/div>\n<style>\n    \/* Estilos M\u00cdNIMOS para componentes visuales\n       (C\u00edrculos de pasos y Caja de Alerta)\n    *\/\n\n    \/* Variables de color solo para los elementos visuales *\/\n    .unsa-visuals {\n        --primary-color: #002060; \/* Azul de los c\u00edrculos *\/\n        --link-color: #0056ac;    \/* Azul del borde de alerta *\/\n    }\n\n    \/* 1. ESTILO CAJA DE ALERTA (Como tu imagen) *\/\n    .unsa-visuals .alert-box {\n        background-color: #e8f4fd;\n        border-left: 4px solid var(--link-color);\n        padding: 15px;\n        margin: 20px 0;\n    }\n\n    \n<\/style>\t\t<\/div>\r\n\r\n\t\t\r\n\t\t\t\t<\/div><!-- .dslc-module -->\r\n\t\t\r\n\t\t<div id=\"dslc-module-7d83833e439\" class=\"dslc-module-front dslc-module-DSLC_Text_Simple dslc-in-viewport-check dslc-in-viewport-anim-none  dslc-col dslc-12-col dslc-last-col  dslc-module-handle-like-regular \" data-module-id=\"7d83833e439\" data-module=\"DSLC_Text_Simple\" data-dslc-module-size=\"12\" data-dslc-anim=\"none\" data-dslc-anim-delay=\"\" data-dslc-anim-duration=\"650\"  data-dslc-anim-easing=\"ease\" data-dslc-preset=\"none\" >\r\n\r\n\t\t\t\r\n\t\t\t\r\n\t\t\r\n\t\t<div class=\"dslc-text-module-content\">\r\n\t\t\t<style>\n    \/* Estilos M\u00cdNIMOS para componentes visuales\n       (C\u00edrculos de pasos y Caja de Alerta)\n    *\/\n\n    \/* Variables de color solo para los elementos visuales *\/\n    .unsa-visuals {\n        --primary-color: #002060; \/* Azul de los c\u00edrculos *\/\n        --link-color: #0056ac;    \/* Azul del borde de alerta *\/\n    }\n\n    \/* 2. ESTILO PASOS NUMERADOS (Los c\u00edrculos azules) *\/\n    .unsa-visuals .steps-list {\n        list-style: none !important;\n        padding: 0;\n        counter-reset: step-counter; \/* Inicia el contador *\/\n    }\n\n    .unsa-visuals .steps-list > li {\n        position: relative;\n        padding-left: 50px; \/* Espacio para el c\u00edrculo *\/\n        margin-bottom: 30px;\n    }\n\n    \/* El c\u00edrculo con el n\u00famero *\/\n    .unsa-visuals .steps-list > li::before {\n        content: counter(step-counter);\n        counter-increment: step-counter;\n        position: absolute;\n        left: 0;\n        top: 0; \/* Ajusta esto si el n\u00famero queda muy arriba respecto al texto *\/\n        width: 35px;\n        height: 35px;\n        background-color: var(--primary-color);\n        color: white;\n        border-radius: 50%; \/* Lo hace redondo *\/\n        display: flex;\n        justify-content: center;\n        align-items: center;\n        font-weight: bold;\n        font-size: 1.1rem;\n    }\n<\/style>\n<div class=\"unsa-visuals\">\n<h2><strong>C\u00f3mo hacerlo<\/strong><\/h2>\nA diferencia de los tr\u00e1mites automatizados en plataforma, este proceso requiere una comunicaci\u00f3n directa con la unidad encargada para recibir la orientaci\u00f3n personalizada.\n\n<hr>\n\n<ol class=\"steps-list\">\n \t<li>\n<h3><strong>Prepara tu solicitud<\/strong><\/h3>\nRedacta un correo electr\u00f3nico formal desde una cuenta institucional. Debes identificar claramente a la unidad acad\u00e9mica solicitante y el prop\u00f3sito del correo (inicio de nuevo proyecto de revista o formalizaci\u00f3n de una existente).<\/li>\n \t<li>\n<h3><strong>Env\u00eda la comunicaci\u00f3n oficial<\/strong><\/h3>\n<p data-path-to-node=\"14\">Env\u00eda el correo electr\u00f3nico a la direcci\u00f3n oficial de la Unidad de Gesti\u00f3n de la Informaci\u00f3n:<\/p>\n<strong>Correo de contacto:<\/strong> vridi.gestioninformacion@unsa.edu.pe<\/li>\n \t<li>\n<h3><strong>Recepci\u00f3n de orientaci\u00f3n y requisitos<\/strong><\/h3>\nLa UGINF responder\u00e1 a su solicitud brindando la orientaci\u00f3n necesaria sobre los requisitos y el procedimiento espec\u00edfico que su unidad debe seguir para la correcta formalizaci\u00f3n e incorporaci\u00f3n al Repositorio de Revistas de la UNSA.<\/li>\n \t<li>\n<h3><strong>Seguimiento del proceso<\/strong><\/h3>\nUna vez recibida la hoja de ruta por parte de la UGINF, deber\u00e1 cumplir con los requisitos estipulados para completar el proceso de formalizaci\u00f3n.<\/li>\n<\/ol>\n<\/div>\t\t<\/div>\r\n\r\n\t\t\r\n\t\t\t\t<\/div><!-- .dslc-module -->\r\n\t\t<\/div><div class=\"dslc-modules-area dslc-col dslc-4-col dslc-last-col dslc-valign-undefined \" data-size=\"4\" data-valign=\"undefined\">\r\n\t\t<div id=\"dslc-module-5906f19302b\" class=\"dslc-module-front dslc-module-DSLC_Shortcode dslc-in-viewport-check dslc-in-viewport-anim-none  dslc-col dslc-12-col dslc-last-col  dslc-module-handle-like-regular \" data-module-id=\"5906f19302b\" data-module=\"DSLC_Shortcode\" data-dslc-module-size=\"12\" data-dslc-anim=\"none\" data-dslc-anim-delay=\"\" data-dslc-anim-duration=\"650\"  data-dslc-anim-easing=\"ease\" data-dslc-preset=\"none\" >\r\n\r\n\t\t\t\r\n\t\t\t\r\n\t\t\t\t<div class=\"dslc-module-shortcode\">\r\n\t\t\t        \r\n        <div class=\"feedback-card\" data-key=\"post-547\" data-post-id=\"547\">\r\n      <p class=\"feedback-title\">\u00bfTe sirvi\u00f3 el contenido?<\/p>\r\n\r\n      <div class=\"fw-thank-you-msg\" style=\"display:none;\">\r\n          \u00a1Gracias por tu feedback!\r\n      <\/div>\r\n\r\n      <div class=\"feedback-top\">\r\n        <div class=\"feedback-vote\">\r\n          <button class=\"circle-btn like\" data-action=\"like\">\r\n            <i class=\"fa fa-thumbs-up\" aria-hidden=\"true\"><\/i>\r\n          <\/button>\r\n          <span class=\"vote-count like-count\">1<\/span>\r\n        <\/div>\r\n        <div class=\"feedback-vote\">\r\n          <button class=\"circle-btn dislike\" data-action=\"dislike\">\r\n            <i class=\"fa fa-thumbs-down\" aria-hidden=\"true\"><\/i>\r\n          <\/button>\r\n          <span class=\"vote-count dislike-count\">0<\/span>\r\n        <\/div>\r\n      <\/div>\r\n\r\n      <hr>\r\n\r\n      <div class=\"feedback-bottom\">\r\n        <button class=\"icon-btn\" data-action=\"print\">\r\n          <i class=\"fa fa-print\" aria-hidden=\"true\"><\/i>\r\n          <span>Imprimir<\/span>\r\n        <\/button>\r\n        <button class=\"icon-btn\" data-action=\"share\">\r\n          <i class=\"fa fa-share-alt\" aria-hidden=\"true\"><\/i>\r\n          <span>Compartir<\/span>\r\n        <\/button>\r\n        <button class=\"icon-btn\" data-action=\"save\">\r\n          <i class=\"fa fa-bookmark\" aria-hidden=\"true\"><\/i>\r\n          <span>Guardar<\/span>\r\n        <\/button>\r\n      <\/div>\r\n\r\n      <!-- FORMULARIO QUE SALE AL HACER DISLIKE -->\r\n      <div class=\"feedback-form\" style=\"display:none; margin-top:20px; text-align:left;\">\r\n        <p><strong>Todos los campos son obligatorios.<\/strong><\/p>\r\n        <p><strong>*Selecciona una de estas opciones:<\/strong><\/p>\r\n\r\n        <label class=\"fw-option\">\r\n          <input type=\"radio\" name=\"fw_motivo_547\" value=\"Algo aqu\u00ed no funciona\">\r\n          <span>Algo aqu\u00ed no funciona<\/span>\r\n        <\/label>\r\n        <label class=\"fw-option\">\r\n          <input type=\"radio\" name=\"fw_motivo_547\" value=\"Falta informaci\u00f3n\">\r\n          <span>Falta informaci\u00f3n<\/span>\r\n        <\/label>\r\n        <label class=\"fw-option\">\r\n          <input type=\"radio\" name=\"fw_motivo_547\" value=\"Hay informaci\u00f3n incorrecta\">\r\n          <span>Hay informaci\u00f3n incorrecta<\/span>\r\n        <\/label>\r\n        <label class=\"fw-option\">\r\n          <input type=\"radio\" name=\"fw_motivo_547\" value=\"No es f\u00e1cil de entender\">\r\n          <span>No es f\u00e1cil de entender<\/span>\r\n        <\/label>\r\n        <label class=\"fw-option\">\r\n          <input type=\"radio\" name=\"fw_motivo_547\" value=\"Otra raz\u00f3n\">\r\n          <span>Otra raz\u00f3n<\/span>\r\n        <\/label>\r\n\r\n        <p style=\"margin-top:10px;\"><strong>*Ind\u00edcanos por qu\u00e9<\/strong><\/p>\r\n        <textarea name=\"fw_detalle_547\" rows=\"3\" style=\"width:100%;\"><\/textarea>\r\n\r\n\r\n        <button type=\"button\" class=\"fw-send-btn\">\r\n          Enviar\r\n        <\/button>\r\n\r\n        <p class=\"fw-msg\" style=\"margin-top:10px; font-size:13px;\"><\/p>\r\n      <\/div>\r\n\r\n    <\/div>\r\n\r\n    \t\t<\/div>\r\n\t\t\r\n\t\t\t\t<\/div><!-- .dslc-module -->\r\n\t\t<\/div><\/div><\/div><\/div>","protected":false},"excerpt":{"rendered":"<p>Solicitud de Orientaci\u00f3n para la Creaci\u00f3n y Formalizaci\u00f3n de Revistas de Investigaci\u00f3n Si su unidad acad\u00e9mica (Facultad, Escuela Profesional o Departamento Acad\u00e9mico) est\u00e1 gestionando la creaci\u00f3n de una nueva Revista de Investigaci\u00f3n, o desea formalizar una existente, debe iniciar este proceso con la Unidad de Gesti\u00f3n de la Informaci\u00f3n (UGINF). Este paso es indispensable para [&hellip;]<\/p>\n","protected":false},"author":39,"featured_media":0,"parent":0,"menu_order":0,"comment_status":"closed","ping_status":"closed","template":"","meta":{"_links_to":"","_links_to_target":""},"categories":[],"tags":[],"wps_subtitle":"","rttpg_featured_image_url":null,"rttpg_author":{"display_name":"lucia","author_link":"https:\/\/vri.unsa.edu.pe\/gestion-informacion\/author\/lucia\/"},"rttpg_comment":0,"rttpg_category":false,"rttpg_excerpt":"Solicitud de Orientaci\u00f3n para la Creaci\u00f3n y Formalizaci\u00f3n de Revistas de Investigaci\u00f3n Si su unidad acad\u00e9mica (Facultad, Escuela Profesional o Departamento Acad\u00e9mico) est\u00e1 gestionando la creaci\u00f3n de una nueva Revista de Investigaci\u00f3n, o desea formalizar una existente, debe iniciar este proceso con la Unidad de Gesti\u00f3n de la Informaci\u00f3n (UGINF). Este paso es indispensable para&hellip;","_links":{"self":[{"href":"https:\/\/vri.unsa.edu.pe\/gestion-informacion\/wp-json\/wp\/v2\/pages\/547"}],"collection":[{"href":"https:\/\/vri.unsa.edu.pe\/gestion-informacion\/wp-json\/wp\/v2\/pages"}],"about":[{"href":"https:\/\/vri.unsa.edu.pe\/gestion-informacion\/wp-json\/wp\/v2\/types\/page"}],"author":[{"embeddable":true,"href":"https:\/\/vri.unsa.edu.pe\/gestion-informacion\/wp-json\/wp\/v2\/users\/39"}],"replies":[{"embeddable":true,"href":"https:\/\/vri.unsa.edu.pe\/gestion-informacion\/wp-json\/wp\/v2\/comments?post=547"}],"version-history":[{"count":2,"href":"https:\/\/vri.unsa.edu.pe\/gestion-informacion\/wp-json\/wp\/v2\/pages\/547\/revisions"}],"predecessor-version":[{"id":698,"href":"https:\/\/vri.unsa.edu.pe\/gestion-informacion\/wp-json\/wp\/v2\/pages\/547\/revisions\/698"}],"wp:attachment":[{"href":"https:\/\/vri.unsa.edu.pe\/gestion-informacion\/wp-json\/wp\/v2\/media?parent=547"}],"wp:term":[{"taxonomy":"category","embeddable":true,"href":"https:\/\/vri.unsa.edu.pe\/gestion-informacion\/wp-json\/wp\/v2\/categories?post=547"},{"taxonomy":"post_tag","embeddable":true,"href":"https:\/\/vri.unsa.edu.pe\/gestion-informacion\/wp-json\/wp\/v2\/tags?post=547"}],"curies":[{"name":"wp","href":"https:\/\/api.w.org\/{rel}","templated":true}]}}