{"id":421,"date":"2025-12-02T00:48:58","date_gmt":"2025-12-01T19:48:58","guid":{"rendered":"https:\/\/vri.unsa.edu.pe\/gestion-informacion\/?page_id=421"},"modified":"2025-12-02T00:48:58","modified_gmt":"2025-12-01T19:48:58","slug":"organigrama","status":"publish","type":"page","link":"https:\/\/vri.unsa.edu.pe\/gestion-informacion\/organigrama\/","title":{"rendered":"Organigrama"},"content":{"rendered":"<div id=\"dslc-main\">\r\n\t\t<div  class=\"dslc-modules-section  dslc-no-columns-spacing \" style=\"padding-bottom:113px;padding-top:113px;background-color:#faf4f4;background-image:url(https:\/\/vri.unsa.edu.pe\/gestion-informacion\/wp-content\/uploads\/sites\/14\/2025\/12\/Gemini_Generated_Image_7i54oi7i54oi7i54-1.png);background-position:center center;background-size:cover;\" data-section-id=\"707982519e7\">\r\n\t\t\t\t<div class=\"dslc-bg-video dslc-force-show\"><div class=\"dslc-bg-video-overlay\" style=\"background-color:#0a0a0a; opacity:0.45; \"><\/div><\/div>\r\n\t\t\t\t\r\n\t\t\t\t<div class=\"dslc-modules-section-wrapper dslc-clearfix\"><div class=\"dslc-modules-area dslc-col dslc-6-col dslc-first-col dslc-valign- \" data-size=\"6\" data-valign=\"\">\r\n\t\t<div id=\"dslc-module-7a5172bd5a7\" class=\"dslc-module-front dslc-module-DSLC_Info_Box dslc-in-viewport-check dslc-in-viewport-anim-none  dslc-col dslc-12-col dslc-last-col  dslc-module-handle-like-regular \" data-module-id=\"7a5172bd5a7\" data-module=\"DSLC_Info_Box\" data-dslc-module-size=\"12\" data-dslc-anim=\"none\" data-dslc-anim-delay=\"\" data-dslc-anim-duration=\"650\"  data-dslc-anim-easing=\"ease\" data-dslc-preset=\"none\" >\r\n\r\n\t\t\t\r\n\t\t\t\r\n\t\t\r\n\t\t\t<div class=\"dslc-info-box dslc-info-box-icon-pos-above dslc-info-box-image-pos-above\">\r\n\r\n\t\t\t\t<div class=\"dslc-info-box-wrapper\">\r\n\r\n\t\t\t\t\t\r\n\t\t\t\t\t<div class=\"dslc-info-box-main-wrap dslc-clearfix\">\r\n\r\n\t\t\t\t\t\t\r\n\t\t\t\t\t\t\r\n\t\t\t\t\t\t<div class=\"dslc-info-box-main\">\r\n\r\n\t\t\t\t\t\t\t\t\t\t\t\t\t\t\t<div class=\"dslc-info-box-title\">\r\n\t\t\t\t\t\t\t\t\t\t\t\t\t\t\t\t\t\t\t\t\t\t\t\t\t\t\t\t\t\t<h4 >ORGANIGRAMA<\/h4>\r\n\t\t\t\t\t\t\t\t\t\t\t\t\t\t\t\t\t\t\t\t\t\t\t\t\t\t\t<\/div><!-- .dslc-info-box-title -->\r\n\t\t\t\t\t\t\t\r\n\t\t\t\t\t\t\t\t\t\t\t\t\t\t\t<div class=\"dslc-info-box-content\">\r\n\t\t\t\t\t\t\t\t\t\t\t\t\t\t\t\t\t\t\t\t\t\t\t\t\t\t\t\t\t\t\t\t\t\t\t\t<\/div><!-- .dslc-info-box-content -->\r\n\t\t\t\t\t\t\t\r\n\t\t\t\t\t\t\t\r\n\t\t\t\t\t\t<\/div><!-- .dslc-info-box-main -->\r\n\r\n\t\t\t\t\t<\/div><!-- .dslc-info-box-main-wrap -->\r\n\r\n\t\t\t\t<\/div><!-- .dslc-info-box-wrapper -->\r\n\r\n\t\t\t<\/div><!-- .dslc-info-box -->\r\n\r\n\t\t\r\n\t\t\t\t<\/div><!-- .dslc-module -->\r\n\t\t<\/div><\/div><\/div>\r\n\t\t<div  class=\"dslc-modules-section \" style=\"\" data-section-id=\"19c3fb1c289\">\r\n\t\t\t\t\r\n\t\t\t\t\r\n\t\t\t\t<div class=\"dslc-modules-section-wrapper dslc-clearfix\"><div class=\"dslc-modules-area dslc-col dslc-12-col dslc-last-col dslc-valign- \" data-size=\"12\" data-valign=\"\">\r\n\t\t<div id=\"dslc-module-f408c697dee\" class=\"dslc-module-front dslc-module-DSLC_Text_Simple dslc-in-viewport-check dslc-in-viewport-anim-none  dslc-col dslc-12-col dslc-last-col  dslc-module-handle-like-regular \" data-module-id=\"f408c697dee\" data-module=\"DSLC_Text_Simple\" data-dslc-module-size=\"12\" data-dslc-anim=\"none\" data-dslc-anim-delay=\"\" data-dslc-anim-duration=\"650\"  data-dslc-anim-easing=\"ease\" data-dslc-preset=\"none\" >\r\n\r\n\t\t\t\r\n\t\t\t\r\n\t\t\r\n\t\t<div class=\"dslc-text-module-content\">\r\n\t\t\t<p>La Unidad de Gesti\u00f3n de la Informaci\u00f3n (UGINF) cuenta con una estructura dise\u00f1ada para optimizar el flujo de datos y la tecnolog\u00eda, garantizando la correcta ejecuci\u00f3n de los lineamientos institucionales.<\/p>\t\t<\/div>\r\n\r\n\t\t\r\n\t\t\t\t<\/div><!-- .dslc-module -->\r\n\t\t\r\n\t\t<div id=\"dslc-module-91664b74188\" class=\"dslc-module-front dslc-module-DSLC_Image dslc-in-viewport-check dslc-in-viewport-anim-none  dslc-col dslc-12-col dslc-last-col  dslc-module-handle-like-regular \" data-module-id=\"91664b74188\" data-module=\"DSLC_Image\" data-dslc-module-size=\"12\" data-dslc-anim=\"none\" data-dslc-anim-delay=\"\" data-dslc-anim-duration=\"650\"  data-dslc-anim-easing=\"ease\" data-dslc-preset=\"none\" >\r\n\r\n\t\t\t\r\n\t\t\t\r\n\t\t\t\t<div class=\"dslc-image-container\">\r\n\t\t<div class=\"dslc-image\">\r\n\r\n\t\t\t\r\n\t\t\t\t\r\n\t\t\t\t\t\t\t\t\t<img src=\"https:\/\/vri.unsa.edu.pe\/gestion-informacion\/wp-content\/uploads\/sites\/14\/2025\/12\/Organigrama.png\" alt=\"\" title=\"\"   \/>\r\n\t\t\t\t\r\n\t\t\t\t\t\t\t\t\t<\/div><!-- .dslc-image -->\r\n\t\t<\/div>\r\n\t\t\r\n\t\t\t\t<\/div><!-- .dslc-module -->\r\n\t\t<\/div><\/div><\/div><\/div>","protected":false},"excerpt":{"rendered":"<p>ORGANIGRAMA La Unidad de Gesti\u00f3n de la Informaci\u00f3n (UGINF) cuenta con una estructura dise\u00f1ada para optimizar el flujo de datos y la tecnolog\u00eda, garantizando la correcta ejecuci\u00f3n de los lineamientos institucionales.<\/p>\n","protected":false},"author":39,"featured_media":0,"parent":0,"menu_order":0,"comment_status":"closed","ping_status":"closed","template":"","meta":{"_links_to":"","_links_to_target":""},"categories":[],"tags":[],"wps_subtitle":"","rttpg_featured_image_url":null,"rttpg_author":{"display_name":"lucia","author_link":"https:\/\/vri.unsa.edu.pe\/gestion-informacion\/author\/lucia\/"},"rttpg_comment":0,"rttpg_category":false,"rttpg_excerpt":"ORGANIGRAMA La Unidad de Gesti\u00f3n de la Informaci\u00f3n (UGINF) cuenta con una estructura dise\u00f1ada para optimizar el flujo de datos y la tecnolog\u00eda, garantizando la correcta ejecuci\u00f3n de los lineamientos institucionales.","_links":{"self":[{"href":"https:\/\/vri.unsa.edu.pe\/gestion-informacion\/wp-json\/wp\/v2\/pages\/421"}],"collection":[{"href":"https:\/\/vri.unsa.edu.pe\/gestion-informacion\/wp-json\/wp\/v2\/pages"}],"about":[{"href":"https:\/\/vri.unsa.edu.pe\/gestion-informacion\/wp-json\/wp\/v2\/types\/page"}],"author":[{"embeddable":true,"href":"https:\/\/vri.unsa.edu.pe\/gestion-informacion\/wp-json\/wp\/v2\/users\/39"}],"replies":[{"embeddable":true,"href":"https:\/\/vri.unsa.edu.pe\/gestion-informacion\/wp-json\/wp\/v2\/comments?post=421"}],"version-history":[{"count":1,"href":"https:\/\/vri.unsa.edu.pe\/gestion-informacion\/wp-json\/wp\/v2\/pages\/421\/revisions"}],"predecessor-version":[{"id":422,"href":"https:\/\/vri.unsa.edu.pe\/gestion-informacion\/wp-json\/wp\/v2\/pages\/421\/revisions\/422"}],"wp:attachment":[{"href":"https:\/\/vri.unsa.edu.pe\/gestion-informacion\/wp-json\/wp\/v2\/media?parent=421"}],"wp:term":[{"taxonomy":"category","embeddable":true,"href":"https:\/\/vri.unsa.edu.pe\/gestion-informacion\/wp-json\/wp\/v2\/categories?post=421"},{"taxonomy":"post_tag","embeddable":true,"href":"https:\/\/vri.unsa.edu.pe\/gestion-informacion\/wp-json\/wp\/v2\/tags?post=421"}],"curies":[{"name":"wp","href":"https:\/\/api.w.org\/{rel}","templated":true}]}}