{"id":248,"date":"2024-04-01T13:53:40","date_gmt":"2024-04-01T13:53:40","guid":{"rendered":"http:\/\/vri.unsa.edu.pe\/direccion-investigacion\/?page_id=248"},"modified":"2024-04-01T13:53:40","modified_gmt":"2024-04-01T13:53:40","slug":"documentos-de-gestion","status":"publish","type":"page","link":"https:\/\/vri.unsa.edu.pe\/direccion-investigacion\/documentos-de-gestion\/","title":{"rendered":"Documentos de Gesti\u00f3n"},"content":{"rendered":"<div id=\"dslc-main\">\r\n\t\t<div  class=\"dslc-modules-section \" style=\"padding-bottom:113px;padding-top:113px;background-color:#910202;background-image:url(https:\/\/vri.unsa.edu.pe\/direccion-investigacion\/wp-content\/uploads\/sites\/13\/2024\/03\/UNSA-878x426-1.jpg);background-repeat:no-repeat;background-attachment:fixed;background-size:contain;\" data-section-id=\"7ce01b3c03a\">\r\n\t\t\t\t\r\n\t\t\t\t\r\n\t\t\t\t<div class=\"dslc-modules-section-wrapper dslc-clearfix\"><div class=\"dslc-modules-area dslc-col dslc-12-col dslc-last-col dslc-valign- \" data-size=\"12\" data-valign=\"\">\r\n\t\t<div id=\"dslc-module-c95ee27f90e\" class=\"dslc-module-front dslc-module-DSLC_TP_Title dslc-in-viewport-check dslc-in-viewport-anim-none  dslc-col dslc-12-col dslc-last-col  dslc-module-handle-like-regular \" data-module-id=\"c95ee27f90e\" data-module=\"DSLC_TP_Title\" data-dslc-module-size=\"12\" data-dslc-anim=\"none\" data-dslc-anim-delay=\"\" data-dslc-anim-duration=\"650\"  data-dslc-anim-easing=\"ease\" data-dslc-preset=\"none\" >\r\n\r\n\t\t\t\r\n\t\t\t\r\n\t\t\r\n\t\t\t\t<div class=\"dslc-tp-title\"><h1>Documentos de Gesti\u00f3n<\/h1><\/div>\r\n\r\n\t\t\t\r\n\t\t\t\t<\/div><!-- .dslc-module -->\r\n\t\t<\/div><\/div><\/div>\r\n\t\t<div  class=\"dslc-modules-section \" style=\"padding-bottom:22px;padding-top:22px;background-color:#630202;\" data-section-id=\"a8fcffd35af\">\r\n\t\t\t\t\r\n\t\t\t\t\r\n\t\t\t\t<div class=\"dslc-modules-section-wrapper dslc-clearfix\"><div class=\"dslc-modules-area dslc-col dslc-12-col dslc-last-col dslc-valign- \" data-size=\"12\" data-valign=\"\">\r\n\t\t<div id=\"dslc-module-c4cee3e066f\" class=\"dslc-module-front dslc-module-DSLC_Text_Simple dslc-in-viewport-check dslc-in-viewport-anim-none  dslc-col dslc-12-col dslc-last-col  dslc-module-handle-like-regular \" data-module-id=\"c4cee3e066f\" data-module=\"DSLC_Text_Simple\" data-dslc-module-size=\"12\" data-dslc-anim=\"none\" data-dslc-anim-delay=\"\" data-dslc-anim-duration=\"650\"  data-dslc-anim-easing=\"ease\" data-dslc-preset=\"none\" >\r\n\r\n\t\t\t\r\n\t\t\t\r\n\t\t\r\n\t\t<div class=\"dslc-text-module-content\">\r\n\t\t\t<p>La gesti\u00f3n eficaz de un proyecto de investigaci\u00f3n, ya sea dirigido por un docente o subvencionado, requiere una cuidadosa planificaci\u00f3n y documentaci\u00f3n de diversos aspectos. Los siguientes son algunos de los documentos de gesti\u00f3n clave que son fundamentales para garantizar el \u00e9xito y la transparencia en todo el proceso.<\/p>\t\t<\/div>\r\n\r\n\t\t\r\n\t\t\t\t<\/div><!-- .dslc-module -->\r\n\t\t<\/div><\/div><\/div>\r\n\t\t<div  class=\"dslc-modules-section \" style=\"\" data-section-id=\"2197683851a\">\r\n\t\t\t\t\r\n\t\t\t\t\r\n\t\t\t\t<div class=\"dslc-modules-section-wrapper dslc-clearfix\"><div class=\"dslc-modules-area dslc-col dslc-12-col dslc-last-col dslc-valign- \" data-size=\"12\" data-valign=\"\">\r\n\t\t<div id=\"dslc-module-5faf3352fff\" class=\"dslc-module-front dslc-module-DSLC_Downloads dslc-in-viewport-check dslc-in-viewport-anim-none  dslc-col dslc-12-col dslc-last-col  dslc-module-handle-like-regular \" data-module-id=\"5faf3352fff\" data-module=\"DSLC_Downloads\" data-dslc-module-size=\"12\" data-dslc-anim=\"none\" data-dslc-anim-delay=\"\" data-dslc-anim-duration=\"650\"  data-dslc-anim-easing=\"ease\" data-dslc-preset=\"none\" >\r\n\r\n\t\t\t\r\n\t\t\t\r\n\t\t\t\t<div class=\"dslc-posts dslc-downloads dslc-clearfix dslc-posts-orientation-horizontal dslc-init-grid \">\r\n\t\t\t\r\n\t\t\t\r\n\t\t<div class=\"dslc-posts-inner\">\r\n\t<div class=\"dslc-post dslc-download dslc-col dslc-3-col  dslc-first-col dslc-post-no-thumb\" data-cats=\"documentos-de-gestion \">\r\n\r\n\t\r\n\t\t\t\t\t\t\t\t\r\n\t\t\t\t\t\t\t\t\r\n\t\t\t\t\t\t\t\r\n\t\t\t\t\t\t\t\r\n\t\t\t\t\t\t\t\t<div class=\"dslc-post-main dslc-download-main\">\r\n\r\n\t\t\t\t\t\t\t\t\t\r\n\t\t\t\t\t\t\t\t\t\t<div class=\"dslc-download-title\">\r\n\t\t\t\t\t\t\t\t\t\t\t\t\t\t\t\t\t\t\t\t\t\t\t<h2><a href=\"https:\/\/vri.unsa.edu.pe\/direccion-investigacion\/download-view\/directiva-para-subvenciones\/\">Directiva para subvenciones<\/a><\/h2>\r\n\t\t\t\t\t\t\t\t\t\t\t\t\t\t\t\t\t\t\t\t\t<\/div><!-- .dslc-download-title -->\r\n\r\n\t\t\t\t\t\t\t\t\t\r\n\t\t\t\t\t\t\t\t\t\r\n\t\t\t\t\t\t\t\t\t\t\r\n\t\t\t\t\t\t\t\t\t\r\n\t\t\t\t\t\t\t\t\t\r\n\t\t\t\t\t\t\t\t\t\t<div class=\"dslc-download-excerpt\">\r\n\t\t\t\t\t\t\t\t\t\t\t\t\t\t\t\t\t\t\t\t\t\t\t\t\t\t\t\t\t\t\t\t\t\t\t\t\t\t\t\t\t\t\t\t<\/div><!-- .dslc-download-excerpt -->\r\n\r\n\t\t\t\t\t\t\t\t\t\r\n\t\t\t\t\t\t\t\t\t\r\n\t\t\t\t\t\t\t\t\t\t<div class=\"dslc-download-download\">\r\n\t\t\t\t\t\t\t\t\t\t\t<a target=\"_blank\" class=\"dslc-download-count-hook\" data-post-id=\"251\" href=\"http:\/\/transparencia.unsa.edu.pe\/bitstream\/handle\/123456789\/644\/RCU-0276-2021.pdf\" download>\r\n\t\t\t\t\t\t\t\t\t\t\t\t\t\t\t\t\t\t\t\t\t\t\t\t\t<span class=\"dslc-icon dslc-icon-download-alt\"><\/span>\t\r\n\t\t\t\t\t\t\t\t\t\t\t\t\t\t\t\t\t\t\t\t\t\t\t\tDOWNLOAD\t\t\t\t\t\t\t\t\t\t\t<\/a>\r\n\t\t\t\t\t\t\t\t\t\t<\/div><!-- .dslc-download-download -->\r\n\r\n\t\t\t\t\t\t\t\t\t\r\n\t\t\t\t\t\t\t\t\t\r\n\t\t\t\t\t\t\t\t\t\t<div class=\"dslc-download-info\">\r\n\t\t\t\t\t\t\t\t\t\t\tDescargado 30 veces.\t\t\t\t\t\t\t\t\t\t<\/div><!-- .dslc-download-info -->\r\n\r\n\t\t\t\t\t\t\t\t\t\r\n\t\t\t\t\t\t\t\t<\/div><!-- .dslc-download-main -->\r\n\r\n\t\t\t\t\t\t\t\r\n\t\t\t\t\t\t<\/div><!-- .dslc-download -->\r\n\r\n\t\t\t\t\t\t\r\n\t<div class=\"dslc-post dslc-download dslc-col dslc-3-col  dslc-post-no-thumb\" data-cats=\"documentos-de-gestion \">\r\n\r\n\t\r\n\t\t\t\t\t\t\t\t\r\n\t\t\t\t\t\t\t\t\r\n\t\t\t\t\t\t\t\r\n\t\t\t\t\t\t\t\r\n\t\t\t\t\t\t\t\t<div class=\"dslc-post-main dslc-download-main\">\r\n\r\n\t\t\t\t\t\t\t\t\t\r\n\t\t\t\t\t\t\t\t\t\t<div class=\"dslc-download-title\">\r\n\t\t\t\t\t\t\t\t\t\t\t\t\t\t\t\t\t\t\t\t\t\t\t<h2><a href=\"https:\/\/vri.unsa.edu.pe\/direccion-investigacion\/download-view\/solicitud-de-descuento-por-planilla\/\">Solicitud de descuento por planilla<\/a><\/h2>\r\n\t\t\t\t\t\t\t\t\t\t\t\t\t\t\t\t\t\t\t\t\t<\/div><!-- .dslc-download-title -->\r\n\r\n\t\t\t\t\t\t\t\t\t\r\n\t\t\t\t\t\t\t\t\t\r\n\t\t\t\t\t\t\t\t\t\t\r\n\t\t\t\t\t\t\t\t\t\r\n\t\t\t\t\t\t\t\t\t\r\n\t\t\t\t\t\t\t\t\t\t<div class=\"dslc-download-excerpt\">\r\n\t\t\t\t\t\t\t\t\t\t\t\t\t\t\t\t\t\t\t\t\t\t\t\t\t\t\t\t\t\t\t\t\t\t\t\t\t\t\t\t\t\t\t\t<\/div><!-- .dslc-download-excerpt -->\r\n\r\n\t\t\t\t\t\t\t\t\t\r\n\t\t\t\t\t\t\t\t\t\r\n\t\t\t\t\t\t\t\t\t\t<div class=\"dslc-download-download\">\r\n\t\t\t\t\t\t\t\t\t\t\t<a target=\"_blank\" class=\"dslc-download-count-hook\" data-post-id=\"250\" href=\"https:\/\/www.unsa.edu.pe\/wp-content\/uploads\/2019\/09\/OF.578-2020-OT-SDF-Y-ANEXO.pdf\" download>\r\n\t\t\t\t\t\t\t\t\t\t\t\t\t\t\t\t\t\t\t\t\t\t\t\t\t<span class=\"dslc-icon dslc-icon-download-alt\"><\/span>\t\r\n\t\t\t\t\t\t\t\t\t\t\t\t\t\t\t\t\t\t\t\t\t\t\t\tDOWNLOAD\t\t\t\t\t\t\t\t\t\t\t<\/a>\r\n\t\t\t\t\t\t\t\t\t\t<\/div><!-- .dslc-download-download -->\r\n\r\n\t\t\t\t\t\t\t\t\t\r\n\t\t\t\t\t\t\t\t\t\r\n\t\t\t\t\t\t\t\t\t\t<div class=\"dslc-download-info\">\r\n\t\t\t\t\t\t\t\t\t\t\tDescargado 14 veces.\t\t\t\t\t\t\t\t\t\t<\/div><!-- .dslc-download-info -->\r\n\r\n\t\t\t\t\t\t\t\t\t\r\n\t\t\t\t\t\t\t\t<\/div><!-- .dslc-download-main -->\r\n\r\n\t\t\t\t\t\t\t\r\n\t\t\t\t\t\t<\/div><!-- .dslc-download -->\r\n\r\n\t\t\t\t\t\t\r\n\t<div class=\"dslc-post dslc-download dslc-col dslc-3-col  dslc-post-no-thumb\" data-cats=\"documentos-de-gestion \">\r\n\r\n\t\r\n\t\t\t\t\t\t\t\t\r\n\t\t\t\t\t\t\t\t\r\n\t\t\t\t\t\t\t\r\n\t\t\t\t\t\t\t\r\n\t\t\t\t\t\t\t\t<div class=\"dslc-post-main dslc-download-main\">\r\n\r\n\t\t\t\t\t\t\t\t\t\r\n\t\t\t\t\t\t\t\t\t\t<div class=\"dslc-download-title\">\r\n\t\t\t\t\t\t\t\t\t\t\t\t\t\t\t\t\t\t\t\t\t\t\t<h2><a href=\"https:\/\/vri.unsa.edu.pe\/direccion-investigacion\/download-view\/directiva-de-pasajes-y-viaticos\/\">Directiva de pasajes y vi\u00e1ticos<\/a><\/h2>\r\n\t\t\t\t\t\t\t\t\t\t\t\t\t\t\t\t\t\t\t\t\t<\/div><!-- .dslc-download-title -->\r\n\r\n\t\t\t\t\t\t\t\t\t\r\n\t\t\t\t\t\t\t\t\t\r\n\t\t\t\t\t\t\t\t\t\t\r\n\t\t\t\t\t\t\t\t\t\r\n\t\t\t\t\t\t\t\t\t\r\n\t\t\t\t\t\t\t\t\t\t<div class=\"dslc-download-excerpt\">\r\n\t\t\t\t\t\t\t\t\t\t\t\t\t\t\t\t\t\t\t\t\t\t\t\t\t\t\t\t\t\t\t\t\t\t\t\t\t\t\t\t\t\t\t\t<\/div><!-- .dslc-download-excerpt -->\r\n\r\n\t\t\t\t\t\t\t\t\t\r\n\t\t\t\t\t\t\t\t\t\r\n\t\t\t\t\t\t\t\t\t\t<div class=\"dslc-download-download\">\r\n\t\t\t\t\t\t\t\t\t\t\t<a target=\"_blank\" class=\"dslc-download-count-hook\" data-post-id=\"249\" href=\"http:\/\/transparencia.unsa.edu.pe\/bitstream\/handle\/123456789\/414\/DIRECTIVA%20DE%20VIATICOS%20Y%20PASAJES%20DE%20UNSA.pdf?sequence=1&isAllowed=y\" download>\r\n\t\t\t\t\t\t\t\t\t\t\t\t\t\t\t\t\t\t\t\t\t\t\t\t\t<span class=\"dslc-icon dslc-icon-download-alt\"><\/span>\t\r\n\t\t\t\t\t\t\t\t\t\t\t\t\t\t\t\t\t\t\t\t\t\t\t\tDOWNLOAD\t\t\t\t\t\t\t\t\t\t\t<\/a>\r\n\t\t\t\t\t\t\t\t\t\t<\/div><!-- .dslc-download-download -->\r\n\r\n\t\t\t\t\t\t\t\t\t\r\n\t\t\t\t\t\t\t\t\t\r\n\t\t\t\t\t\t\t\t\t\t<div class=\"dslc-download-info\">\r\n\t\t\t\t\t\t\t\t\t\t\tDescargado 32 veces.\t\t\t\t\t\t\t\t\t\t<\/div><!-- .dslc-download-info -->\r\n\r\n\t\t\t\t\t\t\t\t\t\r\n\t\t\t\t\t\t\t\t<\/div><!-- .dslc-download-main -->\r\n\r\n\t\t\t\t\t\t\t\r\n\t\t\t\t\t\t<\/div><!-- .dslc-download -->\r\n\r\n\t\t\t\t\t\t<\/div><!-- .dslc-posts-inner -->\r\n\t\t\t\r\n\t\t\t\r\n\t<\/div>\r\n\t\r\n\t\t\t\t<\/div><!-- .dslc-module -->\r\n\t\t<\/div><\/div><\/div><\/div>","protected":false},"excerpt":{"rendered":"<p>Directiva de pasajes y vi\u00e1ticos 1 de abril de 2024 investigacion Documentos de Gesti\u00f3n No hay comentarios DESCARGAR<\/p>\n","protected":false},"author":2,"featured_media":0,"parent":0,"menu_order":0,"comment_status":"closed","ping_status":"closed","template":"","meta":{"_links_to":"","_links_to_target":""},"categories":[],"tags":[],"wps_subtitle":"","rttpg_featured_image_url":null,"rttpg_author":{"display_name":"investigacion","author_link":"https:\/\/vri.unsa.edu.pe\/direccion-investigacion\/author\/investigacion\/"},"rttpg_comment":0,"rttpg_category":false,"rttpg_excerpt":"Directiva de pasajes y vi\u00e1ticos 1 de abril de 2024 investigacion Documentos de Gesti\u00f3n No hay comentarios DESCARGAR","_links":{"self":[{"href":"https:\/\/vri.unsa.edu.pe\/direccion-investigacion\/wp-json\/wp\/v2\/pages\/248"}],"collection":[{"href":"https:\/\/vri.unsa.edu.pe\/direccion-investigacion\/wp-json\/wp\/v2\/pages"}],"about":[{"href":"https:\/\/vri.unsa.edu.pe\/direccion-investigacion\/wp-json\/wp\/v2\/types\/page"}],"author":[{"embeddable":true,"href":"https:\/\/vri.unsa.edu.pe\/direccion-investigacion\/wp-json\/wp\/v2\/users\/2"}],"replies":[{"embeddable":true,"href":"https:\/\/vri.unsa.edu.pe\/direccion-investigacion\/wp-json\/wp\/v2\/comments?post=248"}],"version-history":[{"count":1,"href":"https:\/\/vri.unsa.edu.pe\/direccion-investigacion\/wp-json\/wp\/v2\/pages\/248\/revisions"}],"predecessor-version":[{"id":254,"href":"https:\/\/vri.unsa.edu.pe\/direccion-investigacion\/wp-json\/wp\/v2\/pages\/248\/revisions\/254"}],"wp:attachment":[{"href":"https:\/\/vri.unsa.edu.pe\/direccion-investigacion\/wp-json\/wp\/v2\/media?parent=248"}],"wp:term":[{"taxonomy":"category","embeddable":true,"href":"https:\/\/vri.unsa.edu.pe\/direccion-investigacion\/wp-json\/wp\/v2\/categories?post=248"},{"taxonomy":"post_tag","embeddable":true,"href":"https:\/\/vri.unsa.edu.pe\/direccion-investigacion\/wp-json\/wp\/v2\/tags?post=248"}],"curies":[{"name":"wp","href":"https:\/\/api.w.org\/{rel}","templated":true}]}}