{"id":234,"date":"2024-03-27T16:07:11","date_gmt":"2024-03-27T16:07:11","guid":{"rendered":"http:\/\/vri.unsa.edu.pe\/direccion-investigacion\/?page_id=234"},"modified":"2024-03-27T16:07:11","modified_gmt":"2024-03-27T16:07:11","slug":"eventos","status":"publish","type":"page","link":"https:\/\/vri.unsa.edu.pe\/direccion-investigacion\/eventos\/","title":{"rendered":"Eventos"},"content":{"rendered":"<div id=\"dslc-main\">\r\n\t\t<div  class=\"dslc-modules-section  dslc-init-parallax \" style=\"padding-bottom:113px;padding-top:113px;background-color:#910202;background-image:url(https:\/\/vri.unsa.edu.pe\/direccion-investigacion\/wp-content\/uploads\/sites\/13\/2024\/03\/WhatsApp-Image-2022-03-14-at-2.55.59-PM.jpeg);background-repeat:no-repeat;background-attachment:parallax;background-size:cover;\" data-section-id=\"02dd648dd74\">\r\n\t\t\t\t\r\n\t\t\t\t\r\n\t\t\t\t<div class=\"dslc-modules-section-wrapper dslc-clearfix\"><div class=\"dslc-modules-area dslc-col dslc-12-col dslc-last-col dslc-valign- \" data-size=\"12\" data-valign=\"\">\r\n\t\t<div id=\"dslc-module-436bf96ccf0\" class=\"dslc-module-front dslc-module-DSLC_TP_Title dslc-in-viewport-check dslc-in-viewport-anim-none  dslc-col dslc-12-col dslc-last-col  dslc-module-handle-like-regular \" data-module-id=\"436bf96ccf0\" data-module=\"DSLC_TP_Title\" data-dslc-module-size=\"12\" data-dslc-anim=\"none\" data-dslc-anim-delay=\"\" data-dslc-anim-duration=\"650\"  data-dslc-anim-easing=\"ease\" data-dslc-preset=\"none\" >\r\n\r\n\t\t\t\r\n\t\t\t\r\n\t\t\r\n\t\t\t\t<div class=\"dslc-tp-title\"><h1>Eventos<\/h1><\/div>\r\n\r\n\t\t\t\r\n\t\t\t\t<\/div><!-- .dslc-module -->\r\n\t\t<\/div><\/div><\/div>\r\n\t\t<div  class=\"dslc-modules-section \" style=\"padding-bottom:57px;padding-top:57px;\" data-section-id=\"184f154dc62\">\r\n\t\t\t\t\r\n\t\t\t\t\r\n\t\t\t\t<div class=\"dslc-modules-section-wrapper dslc-clearfix\"><div class=\"dslc-modules-area dslc-col dslc-12-col dslc-last-col dslc-valign-middle \" data-size=\"12\" data-valign=\"middle\">\r\n\t\t<div id=\"dslc-module-6a7dbdd58ff\" class=\"dslc-module-front dslc-module-DSLC_Text_Simple dslc-in-viewport-check dslc-in-viewport-anim-none  dslc-col dslc-12-col dslc-last-col  dslc-module-handle-like-regular \" data-module-id=\"6a7dbdd58ff\" data-module=\"DSLC_Text_Simple\" data-dslc-module-size=\"12\" data-dslc-anim=\"none\" data-dslc-anim-delay=\"\" data-dslc-anim-duration=\"650\"  data-dslc-anim-easing=\"ease\" data-dslc-preset=\"none\" >\r\n\r\n\t\t\t\r\n\t\t\t\r\n\t\t\r\n\t\t<div class=\"dslc-text-module-content\">\r\n\t\t\t<h2>Eventos<\/h2><p>El calendario de presentaci\u00f3n p\u00fablica de resultados de investigaci\u00f3n permite a los investigadores difundir a la sociedad sobre las investigaciones que se realizan en la UNSA. Este calendario suele incluir presentaci\u00f3n de libros y textos acad\u00e9micos, resultados y presentaci\u00f3n de proyectos de investigaci\u00f3n, programas de impacto y otros eventos donde se presentan los resultados de investigaciones recientes.<\/p>\t\t<\/div>\r\n\r\n\t\t\r\n\t\t\t\t<\/div><!-- .dslc-module -->\r\n\t\t<\/div><\/div><\/div>\r\n\t\t<div  class=\"dslc-modules-section \" style=\"padding-bottom:10px;padding-top:10px;\" data-section-id=\"299d9e232bc\">\r\n\t\t\t\t\r\n\t\t\t\t\r\n\t\t\t\t<div class=\"dslc-modules-section-wrapper dslc-clearfix\"><div class=\"dslc-modules-area dslc-col dslc-12-col dslc-last-col dslc-valign- \" data-size=\"12\" data-valign=\"\">\r\n\t\t<div id=\"dslc-module-84b33ea3407\" class=\"dslc-module-front dslc-module-DSLC_Shortcode dslc-in-viewport-check dslc-in-viewport-anim-none  dslc-col dslc-12-col dslc-last-col  dslc-module-handle-like-regular \" data-module-id=\"84b33ea3407\" data-module=\"DSLC_Shortcode\" data-dslc-module-size=\"12\" data-dslc-anim=\"none\" data-dslc-anim-delay=\"\" data-dslc-anim-duration=\"650\"  data-dslc-anim-easing=\"ease\" data-dslc-preset=\"none\" >\r\n\r\n\t\t\t\r\n\t\t\t\r\n\t\t\t\t<div class=\"dslc-module-shortcode\">\r\n\t\t\t<div class=\"sep-page\">\r\n    <div class=\"listing\">\r\n\r\n        \r\n<!-- Start Event Keyword Search\r\n================================================== -->\r\n<div class=\"search \">\r\n    <!-- Search Form -->\r\n    <div class=\"form-group\">\r\n            \r\n        <form action=\"https:\/\/vri.unsa.edu.pe\/direccion-investigacion\/eventos\" method=\"get\">\r\n            <input class=\"form-control\" type=\"text\" name=\"search_keyword\" value=\"\" placeholder=\"Search by Event Title\" \/>\r\n\r\n                        <button class=\"input-group-addon\" type=\"submit\">\r\n                <i class=\"fa fa-search\" aria-hidden=\"true\"><\/i>\r\n            <\/button>\r\n        <\/form>\r\n    <\/div>\r\n<\/div>\r\n<div class=\"clearfix\"><\/div>\r\n<!-- ==================================================\r\nEnd Event Keyword Search -->\r\n\r\n<div class=\"list-view\">\r\n\t\r\n<!-- Start Event Listing\r\n================================================== -->\r\n<article>\r\n    <div class=\"row\"> \r\n\r\n        \r\n    <!-- Start Event Featured Image\r\n    ================================================== -->\r\n    <div class=\"col-md-12\">\r\n        <a href=\"https:\/\/vri.unsa.edu.pe\/direccion-investigacion\/events\/https-www-facebook-com-paginaoficialunsa-videos-786906553298679\/\">\r\n            \r\n            <!-- Featured Image -->\r\n            <figure><img src=\"https:\/\/vri.unsa.edu.pe\/direccion-investigacion\/wp-content\/uploads\/sites\/13\/2024\/03\/NOTA-UNO-2.jpg\" class=\"img-responsive\" alt=\"\"><\/figure>            <!-- End Event Featured Image -->\r\n            \r\n        <\/a>\r\n    <\/div>\r\n    <!-- ==================================================\r\n    End Event Featured Image -->\r\n         <div class=\"col-md-12\">\r\n\r\n            <link href=\"https:\/\/fonts.googleapis.com\/css2?family=Montserrat:wght@400;700&display=swap\" rel=\"stylesheet\">\r\n<!-- Start Event Date\r\n    ================================================== -->\r\n<div class=\"date\" style=\"border: 1px solid #141e42;font-family: 'Montserrat', sans-serif;\">\r\n    <div class=\"cdate-style\">\r\n       \r\n            <\/div>\r\n\r\n\r\n    <div style=\"\r\n    display: block;\r\n\r\n    width: 100%;\">\r\n\r\n<span style=\"\r\n        display: inline-block;\r\n        vertical-align: top;\r\n        width: 100%;\r\n        text-align: center;\r\n        color: #fff;\r\n        background-color: #141e42;\r\n        font-size: 1.5rem;\r\n        line-height: 39px;\r\n        text-transform: uppercase;\r\n        font-weight: 600;\r\n        letter-spacing: 1.5px;\r\n\">\r\n        Jueves    <\/span>\r\n    <span style=\"\r\n        display: inline-block;\r\n        vertical-align: top;\r\n        width: 100%;\r\n        text-align: center;\r\n        color: #141e42;\r\n        font-size: 5rem;\r\n        line-height: 39px;\r\n        padding-top: 14px;\">\r\n        28    <\/span>\r\n    <span style=\"\r\n        display: inline-block;\r\n        vertical-align: top;\r\n        width: 100%;\r\n        text-align: center;\r\n        color: #141e42;\r\n        font-size: 1.5rem;\r\n        line-height: 39px;\r\n        text-transform: uppercase;\r\n        \">\r\n    DIC<\/span>\r\n\r\n    <\/div>\r\n\r\n\r\n\r\n<\/div> \r\n<!-- ==================================================\r\n                              End Event Date section -->\r\n            <div class=\"description\">\r\n\r\n                <!-- Start Event Title\r\n================================================== -->\r\n<h3>\r\n    <a href=\"https:\/\/vri.unsa.edu.pe\/direccion-investigacion\/events\/https-www-facebook-com-paginaoficialunsa-videos-786906553298679\/\"> Presentaci\u00f3n de resultados del proyecto de investigaci\u00f3n: \u201cEstrategias de articulaci\u00f3n institucional en la cadena de valor de la producci\u00f3n de aguaymanto (Physalis peruviana) en la regi\u00f3n Arequipa\u201d <\/a>\r\n<\/h3>\r\n\r\n<!-- ==================================================\r\nEnd Event Title -->\r\n\r\n<div class=\"time\">\r\n                                \r\n        <time datetime=\"diciembre 28, 2023 - to - diciembre 28, 2023\">diciembre 28, 2023 - to - diciembre 28, 2023<\/time>\r\n    <\/div>\r\n\r\n    \r\n            <\/div>\r\n        <\/div>\r\n    <\/div>  \r\n<\/article>\r\n<div class=\"clearfix\"><\/div>\r\n<!-- ==================================================\r\nEnd Event Listing -->\r\n\r\n\r\n<!-- Start Event Listing\r\n================================================== -->\r\n<article>\r\n    <div class=\"row\"> \r\n\r\n                <div class=\"col-md-12\">\r\n\r\n            <link href=\"https:\/\/fonts.googleapis.com\/css2?family=Montserrat:wght@400;700&display=swap\" rel=\"stylesheet\">\r\n<!-- Start Event Date\r\n    ================================================== -->\r\n<div class=\"date\" style=\"border: 1px solid #141e42;font-family: 'Montserrat', sans-serif;\">\r\n    <div class=\"cdate-style\">\r\n       \r\n            <\/div>\r\n\r\n\r\n    <div style=\"\r\n    display: block;\r\n\r\n    width: 100%;\">\r\n\r\n<span style=\"\r\n        display: inline-block;\r\n        vertical-align: top;\r\n        width: 100%;\r\n        text-align: center;\r\n        color: #fff;\r\n        background-color: #141e42;\r\n        font-size: 1.5rem;\r\n        line-height: 39px;\r\n        text-transform: uppercase;\r\n        font-weight: 600;\r\n        letter-spacing: 1.5px;\r\n\">\r\n        Lunes    <\/span>\r\n    <span style=\"\r\n        display: inline-block;\r\n        vertical-align: top;\r\n        width: 100%;\r\n        text-align: center;\r\n        color: #141e42;\r\n        font-size: 5rem;\r\n        line-height: 39px;\r\n        padding-top: 14px;\">\r\n        22    <\/span>\r\n    <span style=\"\r\n        display: inline-block;\r\n        vertical-align: top;\r\n        width: 100%;\r\n        text-align: center;\r\n        color: #141e42;\r\n        font-size: 1.5rem;\r\n        line-height: 39px;\r\n        text-transform: uppercase;\r\n        \">\r\n    ENE<\/span>\r\n\r\n    <\/div>\r\n\r\n\r\n\r\n<\/div> \r\n<!-- ==================================================\r\n                              End Event Date section -->\r\n            <div class=\"description\">\r\n\r\n                <!-- Start Event Title\r\n================================================== -->\r\n<h3>\r\n    <a href=\"https:\/\/vri.unsa.edu.pe\/direccion-investigacion\/events\/presentacion-de-resultados-del-proyecto-de-investigacion-sistema-de-biotratamiento-de-procesadores-y-tarjetas-de-circuitos-impresos-de-residuos-de-aparatos-electricos-y-electronicos-raee-pa\/\"> Presentaci\u00f3n de resultados del proyecto de investigaci\u00f3n \u201cSistema de biotratamiento de procesadores y tarjetas de circuitos impresos de residuos de aparatos el\u00e9ctricos y electr\u00f3nicos (RAEE) para la recuperaci\u00f3n de metales ecot\u00f3xicos y de importancia econ\u00f3mica (Au, Ag, Cu, Pb, Fe, Zn, Sn) mediante microorganismos lixiviantes\u201d <\/a>\r\n<\/h3>\r\n\r\n<!-- ==================================================\r\nEnd Event Title -->\r\n\r\n<div class=\"time\">\r\n                                \r\n        <time datetime=\"enero 22, 2024 - to - enero 22, 2024\">enero 22, 2024 - to - enero 22, 2024<\/time>\r\n    <\/div>\r\n\r\n    \r\n            <\/div>\r\n        <\/div>\r\n    <\/div>  \r\n<\/article>\r\n<div class=\"clearfix\"><\/div>\r\n<!-- ==================================================\r\nEnd Event Listing -->\r\n\r\n\r\n<!-- Start Event Listing\r\n================================================== -->\r\n<article>\r\n    <div class=\"row\"> \r\n\r\n                <div class=\"col-md-12\">\r\n\r\n            <link href=\"https:\/\/fonts.googleapis.com\/css2?family=Montserrat:wght@400;700&display=swap\" rel=\"stylesheet\">\r\n<!-- Start Event Date\r\n    ================================================== -->\r\n<div class=\"date\" style=\"border: 1px solid #141e42;font-family: 'Montserrat', sans-serif;\">\r\n    <div class=\"cdate-style\">\r\n       \r\n            <\/div>\r\n\r\n\r\n    <div style=\"\r\n    display: block;\r\n\r\n    width: 100%;\">\r\n\r\n<span style=\"\r\n        display: inline-block;\r\n        vertical-align: top;\r\n        width: 100%;\r\n        text-align: center;\r\n        color: #fff;\r\n        background-color: #141e42;\r\n        font-size: 1.5rem;\r\n        line-height: 39px;\r\n        text-transform: uppercase;\r\n        font-weight: 600;\r\n        letter-spacing: 1.5px;\r\n\">\r\n        Jueves    <\/span>\r\n    <span style=\"\r\n        display: inline-block;\r\n        vertical-align: top;\r\n        width: 100%;\r\n        text-align: center;\r\n        color: #141e42;\r\n        font-size: 5rem;\r\n        line-height: 39px;\r\n        padding-top: 14px;\">\r\n        08    <\/span>\r\n    <span style=\"\r\n        display: inline-block;\r\n        vertical-align: top;\r\n        width: 100%;\r\n        text-align: center;\r\n        color: #141e42;\r\n        font-size: 1.5rem;\r\n        line-height: 39px;\r\n        text-transform: uppercase;\r\n        \">\r\n    FEB<\/span>\r\n\r\n    <\/div>\r\n\r\n\r\n\r\n<\/div> \r\n<!-- ==================================================\r\n                              End Event Date section -->\r\n            <div class=\"description\">\r\n\r\n                <!-- Start Event Title\r\n================================================== -->\r\n<h3>\r\n    <a href=\"https:\/\/vri.unsa.edu.pe\/direccion-investigacion\/events\/taller-de-induccion-dirigido-a-seleccionados-de-los-fondos-concursables-realizados-por-la-unsa-para-la-investigacion-y-divulgacion-cientifica\/\"> Taller de inducci\u00f3n dirigido a seleccionados de los fondos concursables realizados por la UNSA para la investigaci\u00f3n y divulgaci\u00f3n cient\u00edfica <\/a>\r\n<\/h3>\r\n\r\n<!-- ==================================================\r\nEnd Event Title -->\r\n\r\n<div class=\"time\">\r\n                                \r\n        <time datetime=\"febrero 8, 2024 - to - febrero 8, 2024\">febrero 8, 2024 - to - febrero 8, 2024<\/time>\r\n    <\/div>\r\n\r\n    \r\n            <\/div>\r\n        <\/div>\r\n    <\/div>  \r\n<\/article>\r\n<div class=\"clearfix\"><\/div>\r\n<!-- ==================================================\r\nEnd Event Listing -->\r\n\r\n\r\n<!-- Start Event Listing\r\n================================================== -->\r\n<article>\r\n    <div class=\"row\"> \r\n\r\n                <div class=\"col-md-12\">\r\n\r\n            <link href=\"https:\/\/fonts.googleapis.com\/css2?family=Montserrat:wght@400;700&display=swap\" rel=\"stylesheet\">\r\n<!-- Start Event Date\r\n    ================================================== -->\r\n<div class=\"date\" style=\"border: 1px solid #141e42;font-family: 'Montserrat', sans-serif;\">\r\n    <div class=\"cdate-style\">\r\n       \r\n            <\/div>\r\n\r\n\r\n    <div style=\"\r\n    display: block;\r\n\r\n    width: 100%;\">\r\n\r\n<span style=\"\r\n        display: inline-block;\r\n        vertical-align: top;\r\n        width: 100%;\r\n        text-align: center;\r\n        color: #fff;\r\n        background-color: #141e42;\r\n        font-size: 1.5rem;\r\n        line-height: 39px;\r\n        text-transform: uppercase;\r\n        font-weight: 600;\r\n        letter-spacing: 1.5px;\r\n\">\r\n        Jueves    <\/span>\r\n    <span style=\"\r\n        display: inline-block;\r\n        vertical-align: top;\r\n        width: 100%;\r\n        text-align: center;\r\n        color: #141e42;\r\n        font-size: 5rem;\r\n        line-height: 39px;\r\n        padding-top: 14px;\">\r\n        07    <\/span>\r\n    <span style=\"\r\n        display: inline-block;\r\n        vertical-align: top;\r\n        width: 100%;\r\n        text-align: center;\r\n        color: #141e42;\r\n        font-size: 1.5rem;\r\n        line-height: 39px;\r\n        text-transform: uppercase;\r\n        \">\r\n    MAR<\/span>\r\n\r\n    <\/div>\r\n\r\n\r\n\r\n<\/div> \r\n<!-- ==================================================\r\n                              End Event Date section -->\r\n            <div class=\"description\">\r\n\r\n                <!-- Start Event Title\r\n================================================== -->\r\n<h3>\r\n    <a href=\"https:\/\/vri.unsa.edu.pe\/direccion-investigacion\/events\/presentacion-de-resultados-del-proyecto-de-investigacion-sistema-de-rehabilitacion-virtual-rv-de-la-mejoria-a-nivel-motor-y-cognitivo-en-ninos-con-encefalopatia-epileptica-cepivirt\/\"> Presentaci\u00f3n de Resultados del Proyecto de Investigaci\u00f3n: \u201cSistema de Rehabilitaci\u00f3n Virtual (RV) de la mejor\u00eda a nivel motor, y cognitivo en ni\u00f1os con Encefalopat\u00eda Epil\u00e9ptica. CEPIVIRT\u201d <\/a>\r\n<\/h3>\r\n\r\n<!-- ==================================================\r\nEnd Event Title -->\r\n\r\n<div class=\"time\">\r\n                                \r\n        <time datetime=\"marzo 7, 2024 - to - marzo 7, 2024\">marzo 7, 2024 - to - marzo 7, 2024<\/time>\r\n    <\/div>\r\n\r\n    \r\n            <\/div>\r\n        <\/div>\r\n    <\/div>  \r\n<\/article>\r\n<div class=\"clearfix\"><\/div>\r\n<!-- ==================================================\r\nEnd Event Listing -->\r\n\r\n    <div class=\"clear\"><\/div>\r\n<\/div>\r\n<div class=\"clearfix\"><\/div>\r\n\r\n<\/div>\r\n<\/div>\r\n\r\n\t\t<\/div>\r\n\t\t\r\n\t\t\t\t<\/div><!-- .dslc-module -->\r\n\t\t\r\n\t\t<div id=\"dslc-module-e4a3ecab932\" class=\"dslc-module-front dslc-module-DSLC_Html dslc-in-viewport-check dslc-in-viewport-anim-none  dslc-col dslc-12-col dslc-last-col  dslc-module-handle-like-regular \" data-module-id=\"e4a3ecab932\" data-module=\"DSLC_Html\" data-dslc-module-size=\"12\" data-dslc-anim=\"none\" data-dslc-anim-delay=\"\" data-dslc-anim-duration=\"650\"  data-dslc-anim-easing=\"ease\" data-dslc-preset=\"none\" >\r\n\r\n\t\t\t\r\n\t\t\t\r\n\t\t<div class=\"dslc-html-module-content\"><style>\n.sep-page .sep-calendar {\n    margin: 0px 0 0;\n    overflow: hidden;\n}\n.eventCalendar-wrap .eventCalendar-slider .eventCalendar-monthWrap .eventCalendar-daysList .eventCalendar-day-header {\n    background-color: #5e151d !important;\n}\n.sep-page .sep-calendar .eventCalendar-wrap .eventCalendar-slider .eventCalendar-monthWrap .eventCalendar-daysList.eventCalendar-showAsWeek .eventCalendar-day.today {\n    background: #5e151d !important;\n}\n\n.eventCalendar-currentTitle a {\n    color: #5e151d !important;\n}\n\n.sep-page .sep-calendar .eventCalendar-wrap .eventCalendar-list-content .eventCalendar-list li a {\n    color: #5e151d !important;\n    display: inline;\n}\n\n\n<\/style><\/div>\r\n\t\t\t\t<\/div><!-- .dslc-module -->\r\n\t\t<\/div><\/div><\/div><\/div>","protected":false},"excerpt":{"rendered":"Se realizar\u00e1 la presentaci\u00f3n de resultados del proyecto de investigaci\u00f3n: \u201cSistema de Rehabilitaci\u00f3n Virtual (RV) de la mejor\u00eda a nivel motor, y cognitivo en ni\u00f1os con Encefalopat\u00eda Epil\u00e9ptica. CEPIVIRT\u201d. El proyecto fue desarrollado por la Dra. Elizabeth Vidal Duarte con financiamiento otorgado por la Universidad Nacional de San Agust\u00edn de Arequipa. &nbsp; &nbsp; Lugar: https:\/\/www.facebook.com\/PaginaOficialUNSA\/videos\/2200368707028666 [...]","protected":false},"author":2,"featured_media":0,"parent":0,"menu_order":0,"comment_status":"closed","ping_status":"closed","template":"","meta":{"_links_to":"","_links_to_target":""},"categories":[],"tags":[],"wps_subtitle":"","rttpg_featured_image_url":null,"rttpg_author":{"display_name":"investigacion","author_link":"https:\/\/vri.unsa.edu.pe\/direccion-investigacion\/author\/investigacion\/"},"rttpg_comment":0,"rttpg_category":false,"rttpg_excerpt":null,"_links":{"self":[{"href":"https:\/\/vri.unsa.edu.pe\/direccion-investigacion\/wp-json\/wp\/v2\/pages\/234"}],"collection":[{"href":"https:\/\/vri.unsa.edu.pe\/direccion-investigacion\/wp-json\/wp\/v2\/pages"}],"about":[{"href":"https:\/\/vri.unsa.edu.pe\/direccion-investigacion\/wp-json\/wp\/v2\/types\/page"}],"author":[{"embeddable":true,"href":"https:\/\/vri.unsa.edu.pe\/direccion-investigacion\/wp-json\/wp\/v2\/users\/2"}],"replies":[{"embeddable":true,"href":"https:\/\/vri.unsa.edu.pe\/direccion-investigacion\/wp-json\/wp\/v2\/comments?post=234"}],"version-history":[{"count":1,"href":"https:\/\/vri.unsa.edu.pe\/direccion-investigacion\/wp-json\/wp\/v2\/pages\/234\/revisions"}],"predecessor-version":[{"id":235,"href":"https:\/\/vri.unsa.edu.pe\/direccion-investigacion\/wp-json\/wp\/v2\/pages\/234\/revisions\/235"}],"wp:attachment":[{"href":"https:\/\/vri.unsa.edu.pe\/direccion-investigacion\/wp-json\/wp\/v2\/media?parent=234"}],"wp:term":[{"taxonomy":"category","embeddable":true,"href":"https:\/\/vri.unsa.edu.pe\/direccion-investigacion\/wp-json\/wp\/v2\/categories?post=234"},{"taxonomy":"post_tag","embeddable":true,"href":"https:\/\/vri.unsa.edu.pe\/direccion-investigacion\/wp-json\/wp\/v2\/tags?post=234"}],"curies":[{"name":"wp","href":"https:\/\/api.w.org\/{rel}","templated":true}]}}